{"id":1170,"date":"2026-03-26T14:36:33","date_gmt":"2026-03-26T14:36:33","guid":{"rendered":"https:\/\/dtdoghouse.com\/product\/antracit-izolirana-pasja-hiska-m\/"},"modified":"2025-07-08T11:43:58","modified_gmt":"2025-07-08T11:43:58","slug":"uantracit-izolirana-pasja-uta-m-100x70x70-cm","status":"publish","type":"product","link":"https:\/\/dtdoghouse.com\/sl\/izdelek\/uantracit-izolirana-pasja-uta-m-100x70x70-cm\/","title":{"rendered":"Antracit izolirana pasja uta &#8211; M: 100x70x70 cm"},"content":{"rendered":"<h3>Pasje ute zasnovane za trpe\u017enost, toploto in udobje na prostem &#8211; <strong>M: 100x70x70 cm <\/strong><\/h3>\n<p>&nbsp;<\/p>\n<p data-start=\"127\" data-end=\"414\">DT pasje hi\u0161ke so ustvarjene za zagotavljanje vzdr\u017eljivega, udobnega in vremensko odpornega zavetja za va\u0161ega kosmatega prijatelja. Izdelane so iz neuni\u010dljivih materialov, ki nudijo do\u017eivljenjsko za\u0161\u010dito. Hi\u0161ke so enostavne za sestavo, lahke, preproste za \u010di\u0161\u010denje in hkrati estetsko dovr\u0161ene!<\/p>\n<p data-start=\"416\" data-end=\"436\"><strong>Pasja uta Zasnovana za dolgotrajnost:<\/strong><\/p>\n<p data-start=\"437\" data-end=\"887\">Zaradi uporabe sendvi\u010d panelov prvega drugega razreda z vgrajeno izolacijo je ta pasja uta skoraj nepora\u017eena. Panele je te\u017eko po\u0161kodovati, zato tudi najodlo\u010dnej\u0161i \u017eve\u010dilci ne morejo uni\u010diti. Ravna streha se enostavno odpre za enostavno \u010di\u0161\u010denje in vzdr\u017eevanje, kar jo dela tako prakti\u010dno kot trajno. Poleg tega ravna streha nudi odli\u010den prostor za po\u010ditek psov, ki u\u017eivajo sprostitev ali spanje na vi\u0161jih mestih.<\/p>\n<hr \/>\n<p data-start=\"889\" data-end=\"919\"><strong>Specifikacija pasje hi\u0161ke\/ pasje ute<\/strong><\/p>\n<ul data-start=\"921\" data-end=\"1454\">\n<li data-start=\"921\" data-end=\"950\">Barva zunanjosti: <strong>ANTRACIT<\/strong><\/li>\n<li data-start=\"951\" data-end=\"985\">Barva notranjosti: <strong>BELA<\/strong><\/li>\n<li data-start=\"951\" data-end=\"985\">Dimenzija: <strong>M: 100x70x70 cm <\/strong>(dol\u017eina\/\u0161irina\/vi\u0161ina)<\/li>\n<li data-start=\"951\" data-end=\"985\">Dimenzija odprtine\/vhoda: <strong>30 x 47 cm<\/strong><\/li>\n<li data-start=\"1088\" data-end=\"1137\">Primerna za: <b>Srednje in velike pasme<\/b><\/li>\n<li data-start=\"1138\" data-end=\"1189\">izolirna iz vseh strani + streha+ poden<\/li>\n<li data-start=\"1190\" data-end=\"1260\">debelina izolacije 30mm poliuretanske pene + oble\u010deno v plo\u010devino<\/li>\n<li data-start=\"1261\" data-end=\"1296\">sendvi\u010d paneli 1.klase<\/li>\n<li data-start=\"1297\" data-end=\"1353\">enostavno odpiranje strehe za la\u017eje dostopanje in \u010di\u0161\u010denje<\/li>\n<li data-start=\"1354\" data-end=\"1390\">lahka in enostavna za premikanje<\/li>\n<li data-start=\"1391\" data-end=\"1432\">enostavna monta\u017ea (vijaki prilo\u017eeni)<\/li>\n<li data-start=\"1433\" data-end=\"1454\">modernega videza<\/li>\n<li data-start=\"1433\" data-end=\"1454\">Na voljo dodatki za pasje hi\u0161ke, oglejte si jih <a href=\"https:\/\/dtdoghouse.com\/sl\/kategorija-izdelka\/dodatki-za-pasje-hiske\/\"><strong>TUKAJ<\/strong><\/a><\/li>\n<\/ul>\n<hr \/>\n<p data-start=\"1456\" data-end=\"1504\"><strong>Dodelana do popolnosti \u2013 Podrobnosti, ki \u0161tejejo<\/strong><\/p>\n<p data-start=\"1505\" data-end=\"1825\">\u2714 Dvigljiva streha s stabilno podporno palico<br data-start=\"1546\" data-end=\"1549\" \/>\u2714 Stre\u0161na klju\u010davnica za popolno tesnjenje<br data-start=\"1581\" data-end=\"1584\" \/>\u2714 Penasto tesnilo za dodatno za\u0161\u010dito pred vremenskimi vplivi in \u200b\u200bpopolno izolacijo<br data-start=\"1649\" data-end=\"1652\" \/>\u2714 Nastavljive noge za stabilnost na razli\u010dnih povr\u0161inah<br data-start=\"1703\" data-end=\"1706\" \/>\u2714 Enostavna monta\u017ea \u2013 vsi potrebni deli so vklju\u010deni<br data-start=\"1754\" data-end=\"1757\" \/>\u2714 Za\u0161\u010ditna folija na plo\u0161\u010dah za brezhiben videz in vzdr\u017eljivost<\/p>\n<hr \/>\n<p data-start=\"1827\" data-end=\"1900\"><strong>Neuni\u010dljiva in izolirana \u2013 Predobra, da bi bila resni\u010dna? Ne, to je realnost! <\/strong><\/p>\n<p data-start=\"1947\" data-end=\"2134\">\u2705 <strong data-start=\"1949\" data-end=\"1982\">Neuni\u010dljiva in dolgotrajna<\/strong><br data-start=\"1982\" data-end=\"1985\" \/>Izdelano iz visokokakovostnih sendvi\u010d plo\u0161\u010d z vgrajeno izolacijo. Vremensko odporni in trpe\u017eni materiali lahko prenesejo tudi najmo\u010dnej\u0161e pse!<\/p>\n<p data-start=\"2136\" data-end=\"2330\">\u2705 <strong data-start=\"2138\" data-end=\"2176\">Toplotna izolacija za vse letne \u010dase<\/strong><br data-start=\"2176\" data-end=\"2179\" \/>3 cm poliuretanske izolacije ohranja hi\u0161o toplo pozimi in hladno poleti. Plo\u0161\u010de imajo troslojno strukturo: plo\u010devina \/ izolacija \/ plo\u010devina.<\/p>\n<p data-start=\"2332\" data-end=\"2532\">\u2705 <strong data-start=\"2334\" data-end=\"2361\">Lahka in prakti\u010dna<\/strong><br data-start=\"2361\" data-end=\"2364\" \/>Kljub robustnemu videzu je hi\u0161a lahka in enostavna za premikanje. Dvignjeno dno zagotavlja dodatno prezra\u010devanje, zaradi \u010desar je notranjost suha in udobna.<\/p>\n<p data-start=\"2534\" data-end=\"2695\">\u2705 <strong data-start=\"2536\" data-end=\"2553\">Enostavno \u010di\u0161\u010denje<\/strong><br data-start=\"2553\" data-end=\"2556\" \/>Gladka povr\u0161ina omogo\u010da hitro in enostavno \u010di\u0161\u010denje \u2013 uporabite le vla\u017eno krpo ali celo vrtno cev. Brez vonjav ali kopi\u010denja bakterij!<\/p>\n<p data-start=\"2697\" data-end=\"2818\">\u2705 <strong data-start=\"2699\" data-end=\"2726\">Sodoben in eleganten dizajn<\/strong><br data-start=\"2726\" data-end=\"2729\" \/>Na voljo v antracitni ali beli barvi, z ravno streho za eleganten in sodoben videz.<\/p>\n<p data-start=\"2820\" data-end=\"2915\">\u2705 <strong data-start=\"2822\" data-end=\"2845\">Inovativne lastnosti<\/strong><br data-start=\"2845\" data-end=\"2848\" \/>Ravna streha slu\u017ei tudi kot dodatno po\u010divali\u0161\u010de za va\u0161ega psa.<\/p>\n<hr \/>\n<p data-start=\"3148\" data-end=\"3184\"><strong>\u0160e vedno niste prepri\u010dani? Ponujamo tudi: <\/strong><\/p>\n<p data-start=\"3185\" data-end=\"3334\">\ud83d\udccc<strong> Na voljo v treh standardnih velikosti<\/strong> &#8211; preverite <strong><a href=\"https:\/\/dtdoghouse.com\/sl\/vodnik-po-velikosti\/\">SIZE GUIDE<\/a><\/strong><\/p>\n<p data-start=\"3185\" data-end=\"3334\"><strong data-start=\"3188\" data-end=\"3209\">\ud83d\udccc Hi\u0161ke po meri <\/strong> \u2013 \u010ce standardne velikosti ne ustrezajo, izdelamo prilagojeno hi\u0161ko z dodatnimi pregradami, vinilnim podom ali mehko blazino.<\/p>\n<p data-start=\"3336\" data-end=\"3501\">\ud83d\udccc <strong data-start=\"3339\" data-end=\"3368\">Delivery &amp; Pickup Options<\/strong> \u2013 izberite dostavo na dom (hi\u0161a se po\u0161lje razstavljena) ali osebni prevzem popolnoma sestavljene hi\u0161e. Za Slovenske stranke nudimo tudi monta\u017eo na kraju samem.<\/p>\n<p data-start=\"3503\" data-end=\"3685\">\ud83d\udccc <strong data-start=\"3506\" data-end=\"3537\">Monta\u017ea v samo 5 minutah!<\/strong> \u2013 Posebna znanja niso potrebna! Enostavno vstavite plo\u0161\u010de v okvir, privijte vijake, pritrdite streho in odstranite za\u0161\u010ditno folijo. Kon\u010dano!<\/p>\n<hr \/>\n<p><strong>Pasje hi\u0161ke za vsakega kosmatinca!<\/strong><\/p>\n<p>Pri DT razumemo, da vsi psi niso primerni za \u017eivljenje na prostem \u2013 \u0161e posebej pozimi. Vendar pa v toplej\u0161ih mesecih psi u\u017eivajo na sve\u017eem zraku, v gibanju in sprostitvi na prostem.<\/p>\n<p>Psi, ki pre\u017eivijo veliko \u010dasa zunaj, potrebujejo <strong>robustno, izolirano<\/strong> in vzdr\u017eljivo pasjo hi\u0161ko. Na\u0161e <strong>sendvi\u010d panelne hi\u0161ke<\/strong> nudijo <strong>vrhunsko za\u0161\u010dito in udobje<\/strong>, ki ga lesene hi\u0161ke preprosto ne morejo zagotoviti.<\/p>\n<p>Va\u0161 pes si zaslu\u017ei najbolj\u0161e \u2013 izberite <strong>DT pasje hi\u0161ke<\/strong> za dolgotrajno udobje na prostem!<\/p>\n<hr \/>\n<p><strong>Pla\u010dila in Dostava<\/strong><\/p>\n<p>\u010ce \u017eelite preveriti stro\u0161ke dostave v va\u0161o dr\u017eavo, obi\u0161\u010dite naslednjo povezavo <strong><a href=\"https:\/\/dtdoghouse.com\/sl\/placila-in-dostava\/\">Check delivery costs to your country HERE<\/a>.<\/strong><\/p>\n<p>Ponujamo razli\u010dne mo\u017enosti pla\u010dila, vklju\u010dno s pla\u010dili s kreditno kartico, PayPal in pla\u010dila na na\u0161 ban\u010dni ra\u010dun. Vsa pla\u010dila so varno obdelana in ko bo pla\u010dilo potrjeno, bo va\u0161e naro\u010dilo poslano. Stro\u0161ki dostave so odvisni od va\u0161e lokacije in se obra\u010dunajo na blagajni. Upo\u0161tevajte, da lahko pri po\u0161iljanju v tujino nastanejo dodatne carinske pristojbine ali davki, odvisno od predpisov posamezne dr\u017eave.<\/p>\n<p>\ud83d\udcde <a href=\"https:\/\/dtdoghouse.com\/sl\/kontakt\/\"><strong>Contact Us<\/strong><\/a> za ve\u010d informacij, naro\u010dila po meri ali kakr\u0161na koli vpra\u0161anja o vzdr\u017eljivosti, dostavi ali monta\u017ei.<\/p>\n","protected":false},"excerpt":{"rendered":"<p>&nbsp;<\/p>\n<ul>\n<li>Izolirana pasja uta iz sendvi\u010d panelov<\/li>\n<li><strong>Velikost M: 100x70x70 cm<\/strong><\/li>\n<li><strong>Primerno za srednje velike in velike pse<\/strong><\/li>\n<li>Dvi\u017ena streha za enostaven dostop in \u010di\u0161\u010denje<\/li>\n<li>Hitra in enostavna monta\u017ea<\/li>\n<li>Za zunanjo uporabo, moderen dizajn<\/li>\n<li>Narejeno v Sloveniji<\/li>\n<\/ul>\n","protected":false},"featured_media":996,"template":"","meta":{"site-sidebar-layout":"default","site-content-layout":"","ast-site-content-layout":"default","site-content-style":"default","site-sidebar-style":"default","ast-global-header-display":"","ast-banner-title-visibility":"","ast-main-header-display":"","ast-hfb-above-header-display":"","ast-hfb-below-header-display":"","ast-hfb-mobile-header-display":"","site-post-title":"","ast-breadcrumbs-content":"","ast-featured-img":"","footer-sml-layout":"","ast-disable-related-posts":"","theme-transparent-header-meta":"default","adv-header-id-meta":"","stick-header-meta":"","header-above-stick-meta":"","header-main-stick-meta":"","header-below-stick-meta":"","astra-migrate-meta-layouts":"set","ast-page-background-enabled":"default","ast-page-background-meta":{"desktop":{"background-color":"var(--ast-global-color-4)","background-image":"","background-repeat":"repeat","background-position":"center center","background-size":"auto","background-attachment":"scroll","background-type":"","background-media":"","overlay-type":"","overlay-color":"","overlay-opacity":"","overlay-gradient":""},"tablet":{"background-color":"","background-image":"","background-repeat":"repeat","background-position":"center center","background-size":"auto","background-attachment":"scroll","background-type":"","background-media":"","overlay-type":"","overlay-color":"","overlay-opacity":"","overlay-gradient":""},"mobile":{"background-color":"","background-image":"","background-repeat":"repeat","background-position":"center center","background-size":"auto","background-attachment":"scroll","background-type":"","background-media":"","overlay-type":"","overlay-color":"","overlay-opacity":"","overlay-gradient":""}},"ast-content-background-meta":{"desktop":{"background-color":"var(--ast-global-color-5)","background-image":"","background-repeat":"repeat","background-position":"center center","background-size":"auto","background-attachment":"scroll","background-type":"","background-media":"","overlay-type":"","overlay-color":"","overlay-opacity":"","overlay-gradient":""},"tablet":{"background-color":"var(--ast-global-color-5)","background-image":"","background-repeat":"repeat","background-position":"center center","background-size":"auto","background-attachment":"scroll","background-type":"","background-media":"","overlay-type":"","overlay-color":"","overlay-opacity":"","overlay-gradient":""},"mobile":{"background-color":"var(--ast-global-color-5)","background-image":"","background-repeat":"repeat","background-position":"center center","background-size":"auto","background-attachment":"scroll","background-type":"","background-media":"","overlay-type":"","overlay-color":"","overlay-opacity":"","overlay-gradient":""}}},"product_brand":[],"product_cat":[69,205,192],"product_tag":[70,86,87,83,78,79,77,82],"class_list":{"0":"post-1170","1":"product","2":"type-product","3":"status-publish","4":"has-post-thumbnail","6":"product_cat-pasje-hiske","7":"product_cat-zunanje-pasje-ute","8":"product_cat-zunanje-resitve","9":"product_tag-dt-pasja-hiska","10":"product_tag-majhna-pasja-hiska","11":"product_tag-mocna-pasja-hiska","12":"product_tag-panelna-hiska","13":"product_tag-pasja-hiska","14":"product_tag-pasji-boks","15":"product_tag-pasji-dom","16":"product_tag-zunanje","17":"product_shipping_class-vec-kot-40kg","18":"desktop-align-center","19":"tablet-align-center","20":"mobile-align-center","22":"first","23":"instock","24":"featured","25":"shipping-taxable","26":"purchasable","27":"product-type-simple"},"_links":{"self":[{"href":"https:\/\/dtdoghouse.com\/sl\/wp-json\/wp\/v2\/product\/1170","targetHints":{"allow":["GET"]}}],"collection":[{"href":"https:\/\/dtdoghouse.com\/sl\/wp-json\/wp\/v2\/product"}],"about":[{"href":"https:\/\/dtdoghouse.com\/sl\/wp-json\/wp\/v2\/types\/product"}],"wp:featuredmedia":[{"embeddable":true,"href":"https:\/\/dtdoghouse.com\/sl\/wp-json\/wp\/v2\/media\/996"}],"wp:attachment":[{"href":"https:\/\/dtdoghouse.com\/sl\/wp-json\/wp\/v2\/media?parent=1170"}],"wp:term":[{"taxonomy":"product_brand","embeddable":true,"href":"https:\/\/dtdoghouse.com\/sl\/wp-json\/wp\/v2\/product_brand?post=1170"},{"taxonomy":"product_cat","embeddable":true,"href":"https:\/\/dtdoghouse.com\/sl\/wp-json\/wp\/v2\/product_cat?post=1170"},{"taxonomy":"product_tag","embeddable":true,"href":"https:\/\/dtdoghouse.com\/sl\/wp-json\/wp\/v2\/product_tag?post=1170"}],"curies":[{"name":"wp","href":"https:\/\/api.w.org\/{rel}","templated":true}]}}