{"id":1311,"date":"2024-03-13T15:06:50","date_gmt":"2024-03-13T15:06:50","guid":{"rendered":"https:\/\/dtdoghouse.com\/?post_type=product&#038;p=1311"},"modified":"2025-07-10T12:04:54","modified_gmt":"2025-07-10T12:04:54","slug":"vetbed-150x100-cm-sive-zvezde","status":"publish","type":"product","link":"https:\/\/dtdoghouse.com\/sl\/izdelek\/vetbed-150x100-cm-sive-zvezde\/","title":{"rendered":"Vetbed 150\u00d7100 cm \u2013 Sive Zvezde"},"content":{"rendered":"<h3 class=\"page-title\">Vetbed podloga za DT pasje hi\u0161e in ve\u010dnamensko uporabo\u2013 150 x 100 cm<\/h3>\n<p>&nbsp;<\/p>\n<p data-start=\"145\" data-end=\"509\">\u010ce i\u0161\u010dete <strong data-start=\"171\" data-end=\"199\">popolno le\u017ei\u0161\u010de<\/strong> za svojega psa, je ta <strong data-start=\"219\" data-end=\"233\">Vetbed <\/strong>odli\u010dna izbira! Zasnovan je tako, da va\u0161ega ljubljen\u010dka <strong data-start=\"270\" data-end=\"300\">ohranja toplega in suhega<\/strong>, odpravlja vlago in nudi odli\u010dno udobje. To ga naredi idealnega za <strong data-start=\"374\" data-end=\"391\">DT pasje hi\u0161ke<\/strong>, saj nudi <strong data-start=\"405\" data-end=\"433\">mehko in toplotno izolirano<\/strong> plast znotraj hi\u0161e, na <strong data-start=\"459\" data-end=\"472\">ravnem delu<\/strong> strehe ali celo pred vhodom.<\/p>\n<p data-start=\"511\" data-end=\"863\">Ena najve\u010djih prednosti Vetbed je, da ga lahko <strong data-start=\"563\" data-end=\"587\">enostavno odre\u017eete na poljubno velikost<\/strong>, kar ga naredi <strong data-start=\"613\" data-end=\"635\">vsestranskega za vsak prostor<\/strong>. Ne glede na to, ali ga uporabljate kot <strong data-start=\"680\" data-end=\"786\">udobno le\u017ei\u0161\u010de znotraj hi\u0161e, na strehi pasje hi\u0161ke, udobno le\u017ei\u0161\u010de znotraj hi\u0161ke ali celo za potovanje<\/strong>, ta Vetbed zagotavlja, da ima va\u0161 ljubljen\u010dek vedno topel in suh prostor za po\u010ditek.<\/p>\n<p data-start=\"672\" data-end=\"697\"><strong>Zakaj izbrati Vetbed?<\/strong><\/p>\n<p data-start=\"698\" data-end=\"925\">\u2705 <strong data-start=\"908\" data-end=\"941\">Popolno prileganje DT pasjim hi\u0161kam<\/strong> &#8211; preprosto ga odre\u017eite na \u017eeleno velikost <br data-start=\"977\" data-end=\"980\" \/>\u2705 <strong data-start=\"982\" data-end=\"1003\">Ve\u010dnamenska uporaba<\/strong> \u2013 za <strong data-start=\"1014\" data-end=\"1051\">notranjost hi\u0161ke, za na streho ali prostor pred hi\u0161ko<br data-start=\"1051\" data-end=\"1054\" \/><\/strong>\u2705 <strong data-start=\"1056\" data-end=\"1084\">Odli\u010den za uporabo v avtu<\/strong> \u2013 \u0161\u010diti sede\u017ee ali prtlja\u017enik, hkrati pa poskrbi za udobje va\u0161ega psa <br data-start=\"1136\" data-end=\"1139\" \/>\u2705<strong data-start=\"1141\" data-end=\"1165\"> Idealen za uporabo v notranjih prostorih<\/strong> &#8211; postavite ga v bokse, na tla ali kot udobno preprogo <br data-start=\"1215\" data-end=\"1218\" \/>\u2705<strong data-start=\"1220\" data-end=\"1247\"> Popoln za uporabo na prostem<\/strong> &#8211; zagotavlja toplo, suho povr\u0161ino na vla\u017enih ali hladnih tleh <br data-start=\"1301\" data-end=\"1304\" data-is-only-node=\"\" \/><strong data-start=\"1306\" data-end=\"1340\">\u2705 Vodoodbojnost in zra\u010dnost <\/strong>\u2013 ostane suh in mehak <br data-start=\"1368\" data-end=\"1371\" \/>\u2705 <strong data-start=\"1373\" data-end=\"1404\">Higieni\u010den in hipoalergen<\/strong> \u2013 prepre\u010duje rast bakterij <br data-start=\"1431\" data-end=\"1434\" \/>\u2705<strong data-start=\"1436\" data-end=\"1488\"> Dodatna izolacija in za\u0161\u010dita pred mrazom<br data-start=\"1488\" data-end=\"1491\" \/><\/strong>\u2705 <strong data-start=\"1493\" data-end=\"1513\">Nedrse\u010da podloga<\/strong> \u2013 zadr\u017ei le\u017ei\u0161\u010de na mestu za dodatno stabilnost<\/p>\n<p data-start=\"1566\" data-end=\"1591\"><strong data-start=\"1570\" data-end=\"1589\">Specifikacija:<\/strong><\/p>\n<ul data-start=\"1592\" data-end=\"1808\">\n<li data-start=\"1592\" data-end=\"1624\"><strong data-start=\"1594\" data-end=\"1609\">Dimenzija:<\/strong> 150 x 100 cm<\/li>\n<li data-start=\"1625\" data-end=\"1643\"><strong data-start=\"1627\" data-end=\"1637\">Barva:<\/strong> Sive zvezde<\/li>\n<li data-start=\"1644\" data-end=\"1670\"><strong data-start=\"1646\" data-end=\"1662\">Vi\u0161ina le\u017ei\u0161\u010da:<\/strong> 28 mm<\/li>\n<li data-start=\"1671\" data-end=\"1711\"><strong data-start=\"1673\" data-end=\"1686\">Material:<\/strong> Visokokakovosten poliester<\/li>\n<li data-start=\"1712\" data-end=\"1749\"><strong data-start=\"1714\" data-end=\"1735\">Pralno v pralnem stroju<\/strong>: do 40 \u00b0C<\/li>\n<li data-start=\"1750\" data-end=\"1808\"><strong data-start=\"1752\" data-end=\"1806\">Ne postavljajte v su\u0161ilni stroj ali na neposredno son\u010dno svetlobo<\/strong><\/li>\n<\/ul>\n<hr \/>\n<p>\u010ce izdelek ni na zalogi, je dobavni rok pribli\u017eno <strong>5\u201310 delovnih dni<\/strong>. V primeru, da izdelka za\u010dasno ni na zalogi pri dobavitelju, vas bomo o tem \u010dim prej obvestili.<\/p>\n","protected":false},"excerpt":{"rendered":"<p>&nbsp;<\/p>\n<ul>\n<li>Velikost 150 x 100cm<\/li>\n<li>Udoben in vzdr\u017eljiv<\/li>\n<li>Opremljen s protizdrsno podlogo<\/li>\n<li>Pralno v pralnem stroju do 40 \u00b0C<\/li>\n<li>Hipoalergen<\/li>\n<li>Z lahkoto se lahko razre\u017ee na poljubno velikost<\/li>\n<li>Zra\u010den in odbija vodo\/vlago<\/li>\n<li>Primeren za vsako DT pasjo hi\u0161ko<\/li>\n<\/ul>\n","protected":false},"featured_media":1211,"template":"","meta":{"site-sidebar-layout":"default","site-content-layout":"","ast-site-content-layout":"default","site-content-style":"default","site-sidebar-style":"default","ast-global-header-display":"","ast-banner-title-visibility":"","ast-main-header-display":"","ast-hfb-above-header-display":"","ast-hfb-below-header-display":"","ast-hfb-mobile-header-display":"","site-post-title":"","ast-breadcrumbs-content":"","ast-featured-img":"","footer-sml-layout":"","ast-disable-related-posts":"","theme-transparent-header-meta":"default","adv-header-id-meta":"","stick-header-meta":"","header-above-stick-meta":"","header-main-stick-meta":"","header-below-stick-meta":"","astra-migrate-meta-layouts":"set","ast-page-background-enabled":"default","ast-page-background-meta":{"desktop":{"background-color":"var(--ast-global-color-4)","background-image":"","background-repeat":"repeat","background-position":"center center","background-size":"auto","background-attachment":"scroll","background-type":"","background-media":"","overlay-type":"","overlay-color":"","overlay-opacity":"","overlay-gradient":""},"tablet":{"background-color":"","background-image":"","background-repeat":"repeat","background-position":"center center","background-size":"auto","background-attachment":"scroll","background-type":"","background-media":"","overlay-type":"","overlay-color":"","overlay-opacity":"","overlay-gradient":""},"mobile":{"background-color":"","background-image":"","background-repeat":"repeat","background-position":"center center","background-size":"auto","background-attachment":"scroll","background-type":"","background-media":"","overlay-type":"","overlay-color":"","overlay-opacity":"","overlay-gradient":""}},"ast-content-background-meta":{"desktop":{"background-color":"var(--ast-global-color-5)","background-image":"","background-repeat":"repeat","background-position":"center center","background-size":"auto","background-attachment":"scroll","background-type":"","background-media":"","overlay-type":"","overlay-color":"","overlay-opacity":"","overlay-gradient":""},"tablet":{"background-color":"var(--ast-global-color-5)","background-image":"","background-repeat":"repeat","background-position":"center center","background-size":"auto","background-attachment":"scroll","background-type":"","background-media":"","overlay-type":"","overlay-color":"","overlay-opacity":"","overlay-gradient":""},"mobile":{"background-color":"var(--ast-global-color-5)","background-image":"","background-repeat":"repeat","background-position":"center center","background-size":"auto","background-attachment":"scroll","background-type":"","background-media":"","overlay-type":"","overlay-color":"","overlay-opacity":"","overlay-gradient":""}}},"product_brand":[],"product_cat":[207,68,147,259,145,269,212],"product_tag":[99],"class_list":{"0":"post-1311","1":"product","2":"type-product","3":"status-publish","4":"has-post-thumbnail","6":"product_cat-dodatki-za-na-pot","7":"product_cat-dodatki-za-pasje-hiske","8":"product_cat-notranje-resitve","9":"product_cat-resitve-za-vzreditelje","10":"product_cat-transportne-resitve","11":"product_cat-vetbed","12":"product_cat-vetbedi","13":"product_tag-vetbed-sl","14":"product_shipping_class-do-2-kg","15":"desktop-align-center","16":"tablet-align-center","17":"mobile-align-center","19":"first","20":"instock","21":"featured","22":"shipping-taxable","23":"purchasable","24":"product-type-simple"},"_links":{"self":[{"href":"https:\/\/dtdoghouse.com\/sl\/wp-json\/wp\/v2\/product\/1311","targetHints":{"allow":["GET"]}}],"collection":[{"href":"https:\/\/dtdoghouse.com\/sl\/wp-json\/wp\/v2\/product"}],"about":[{"href":"https:\/\/dtdoghouse.com\/sl\/wp-json\/wp\/v2\/types\/product"}],"wp:featuredmedia":[{"embeddable":true,"href":"https:\/\/dtdoghouse.com\/sl\/wp-json\/wp\/v2\/media\/1211"}],"wp:attachment":[{"href":"https:\/\/dtdoghouse.com\/sl\/wp-json\/wp\/v2\/media?parent=1311"}],"wp:term":[{"taxonomy":"product_brand","embeddable":true,"href":"https:\/\/dtdoghouse.com\/sl\/wp-json\/wp\/v2\/product_brand?post=1311"},{"taxonomy":"product_cat","embeddable":true,"href":"https:\/\/dtdoghouse.com\/sl\/wp-json\/wp\/v2\/product_cat?post=1311"},{"taxonomy":"product_tag","embeddable":true,"href":"https:\/\/dtdoghouse.com\/sl\/wp-json\/wp\/v2\/product_tag?post=1311"}],"curies":[{"name":"wp","href":"https:\/\/api.w.org\/{rel}","templated":true}]}}