{"id":2131,"date":"2025-04-08T11:17:14","date_gmt":"2025-04-08T11:17:14","guid":{"rendered":"https:\/\/dtdoghouse.com\/?post_type=product&#038;p=2131"},"modified":"2025-07-10T11:10:52","modified_gmt":"2025-07-10T11:10:52","slug":"zascitna-prevleka-za-sedeze-comfort-147-x-137-cm","status":"publish","type":"product","link":"https:\/\/dtdoghouse.com\/sl\/izdelek\/zascitna-prevleka-za-sedeze-comfort-147-x-137-cm\/","title":{"rendered":"Za\u0161\u010ditna prevleka za sede\u017ee &#8211; Comfort, 147 x 137 cm"},"content":{"rendered":"<h3 data-pm-slice=\"1 1 []\">Univerzalna za\u0161\u010ditna prevleka za zadnje sede\u017ee &#8211; COMFORT<\/h3>\n<p>&nbsp;<\/p>\n<p data-pm-slice=\"1 1 []\">Ohranjajte svoj avtomobil \u010dist z za\u0161\u010ditno prevleko za zadnje sede\u017ee Topmast. Zasnovana je za prepre\u010devanje trdovratnih made\u017eev, neprijetnih vonjav in umazanije. Ta pasja prevleka za sede\u017ee je izdelana iz trpe\u017enega 600D Oxford materiala s PVC-premazom, kar jo naredi 100 % vodoodporno. Zanesljivo \u0161\u010diti pred razlitji, umazanijo, pasjo dlako in prhljajem. Prevleka je enostavna za namestitev, hitro se o\u010disti in ima Velcro trakove, ki jo dr\u017eijo na mestu \u2013 za varno in udobno vo\u017enjo tako za vas kot za va\u0161ega psa.<\/p>\n<hr \/>\n<p data-start=\"621\" data-end=\"642\"><strong>Glavne prednosti za\u0161\u010ditne prevleke comfort:<\/strong><\/p>\n<ul>\n<li data-start=\"645\" data-end=\"660\">Enostavna za \u010di\u0161\u010denje<\/li>\n<li data-start=\"663\" data-end=\"712\">Univerzalna velikost \u2013 primerna za ve\u010dino avtomobilov in SUV-jev<\/li>\n<li data-start=\"715\" data-end=\"732\">Vodoodbojna<\/li>\n<li data-start=\"735\" data-end=\"761\">Preprosto zlo\u017eljiva<\/li>\n<li data-start=\"764\" data-end=\"793\">Namestitev v manj kot 2 minutah<\/li>\n<\/ul>\n<p data-start=\"795\" data-end=\"818\">Specifikacija:<\/p>\n<ul>\n<li data-start=\"821\" data-end=\"841\"><strong data-start=\"821\" data-end=\"832\">Dol\u017eina<\/strong>: 137 cm<\/li>\n<li data-start=\"844\" data-end=\"863\"><strong data-start=\"844\" data-end=\"854\">\u0160irina<\/strong>: 147 cm<\/li>\n<li data-start=\"866\" data-end=\"922\"><strong data-start=\"866\" data-end=\"879\">Material:<\/strong> Poliester (600D Oxford s PVC-premazom)<\/li>\n<\/ul>\n<hr \/>\n<p data-pm-slice=\"1 1 []\">Idealna izbira za vse lastnike psov, ki radi potujejo s svojimi ljubljen\u010dki in ne \u017eelijo imeti umazane avtomobilske sede\u017ee!<\/p>\n","protected":false},"excerpt":{"rendered":"<p>&nbsp;<\/p>\n<ul>\n<li>Univerzalna velikost<\/li>\n<li>Primerna za ve\u010dino avtomobilov in SUV-jev<\/li>\n<li>Material: Poliester<\/li>\n<li>Enostavno \u010di\u0161\u010denje<\/li>\n<li>Vodoodbojna<\/li>\n<li>Dol\u017eina; 137cm, \u0160irina: 147xm<\/li>\n<\/ul>\n","protected":false},"featured_media":2141,"template":"","meta":{"site-sidebar-layout":"default","site-content-layout":"","ast-site-content-layout":"default","site-content-style":"default","site-sidebar-style":"default","ast-global-header-display":"","ast-banner-title-visibility":"","ast-main-header-display":"","ast-hfb-above-header-display":"","ast-hfb-below-header-display":"","ast-hfb-mobile-header-display":"","site-post-title":"","ast-breadcrumbs-content":"","ast-featured-img":"","footer-sml-layout":"","ast-disable-related-posts":"","theme-transparent-header-meta":"default","adv-header-id-meta":"","stick-header-meta":"","header-above-stick-meta":"","header-main-stick-meta":"","header-below-stick-meta":"","astra-migrate-meta-layouts":"set","ast-page-background-enabled":"default","ast-page-background-meta":{"desktop":{"background-color":"var(--ast-global-color-4)","background-image":"","background-repeat":"repeat","background-position":"center center","background-size":"auto","background-attachment":"scroll","background-type":"","background-media":"","overlay-type":"","overlay-color":"","overlay-opacity":"","overlay-gradient":""},"tablet":{"background-color":"","background-image":"","background-repeat":"repeat","background-position":"center center","background-size":"auto","background-attachment":"scroll","background-type":"","background-media":"","overlay-type":"","overlay-color":"","overlay-opacity":"","overlay-gradient":""},"mobile":{"background-color":"","background-image":"","background-repeat":"repeat","background-position":"center center","background-size":"auto","background-attachment":"scroll","background-type":"","background-media":"","overlay-type":"","overlay-color":"","overlay-opacity":"","overlay-gradient":""}},"ast-content-background-meta":{"desktop":{"background-color":"var(--ast-global-color-5)","background-image":"","background-repeat":"repeat","background-position":"center center","background-size":"auto","background-attachment":"scroll","background-type":"","background-media":"","overlay-type":"","overlay-color":"","overlay-opacity":"","overlay-gradient":""},"tablet":{"background-color":"var(--ast-global-color-5)","background-image":"","background-repeat":"repeat","background-position":"center center","background-size":"auto","background-attachment":"scroll","background-type":"","background-media":"","overlay-type":"","overlay-color":"","overlay-opacity":"","overlay-gradient":""},"mobile":{"background-color":"var(--ast-global-color-5)","background-image":"","background-repeat":"repeat","background-position":"center center","background-size":"auto","background-attachment":"scroll","background-type":"","background-media":"","overlay-type":"","overlay-color":"","overlay-opacity":"","overlay-gradient":""}}},"product_brand":[],"product_cat":[207,145],"product_tag":[219,220,164,177,179,178,222,218,221],"class_list":{"0":"post-2131","1":"product","2":"type-product","3":"status-publish","4":"has-post-thumbnail","6":"product_cat-dodatki-za-na-pot","7":"product_cat-transportne-resitve","8":"product_tag-avto","9":"product_tag-avto-prevleka","10":"product_tag-boks","11":"product_tag-notranja-pasja-kletka","12":"product_tag-pasja-kletka","13":"product_tag-pasji-boks-sl","14":"product_tag-potovanje-s-psom","15":"product_tag-prevleka-za-zadnje-sedeze","16":"product_tag-zadnji-sedez","17":"product_shipping_class-do-5-kg","18":"desktop-align-center","19":"tablet-align-center","20":"mobile-align-center","22":"first","23":"onbackorder","24":"featured","25":"shipping-taxable","26":"purchasable","27":"product-type-simple"},"_links":{"self":[{"href":"https:\/\/dtdoghouse.com\/sl\/wp-json\/wp\/v2\/product\/2131","targetHints":{"allow":["GET"]}}],"collection":[{"href":"https:\/\/dtdoghouse.com\/sl\/wp-json\/wp\/v2\/product"}],"about":[{"href":"https:\/\/dtdoghouse.com\/sl\/wp-json\/wp\/v2\/types\/product"}],"wp:featuredmedia":[{"embeddable":true,"href":"https:\/\/dtdoghouse.com\/sl\/wp-json\/wp\/v2\/media\/2141"}],"wp:attachment":[{"href":"https:\/\/dtdoghouse.com\/sl\/wp-json\/wp\/v2\/media?parent=2131"}],"wp:term":[{"taxonomy":"product_brand","embeddable":true,"href":"https:\/\/dtdoghouse.com\/sl\/wp-json\/wp\/v2\/product_brand?post=2131"},{"taxonomy":"product_cat","embeddable":true,"href":"https:\/\/dtdoghouse.com\/sl\/wp-json\/wp\/v2\/product_cat?post=2131"},{"taxonomy":"product_tag","embeddable":true,"href":"https:\/\/dtdoghouse.com\/sl\/wp-json\/wp\/v2\/product_tag?post=2131"}],"curies":[{"name":"wp","href":"https:\/\/api.w.org\/{rel}","templated":true}]}}