{"id":2216,"date":"2025-04-09T11:15:29","date_gmt":"2025-04-09T11:15:29","guid":{"rendered":"https:\/\/dtdoghouse.com\/?post_type=product&#038;p=2216"},"modified":"2025-07-10T10:55:51","modified_gmt":"2025-07-10T10:55:51","slug":"luksuzna-pasja-postelja-modra-na-voljo-v-3-velikostih-copy","status":"publish","type":"product","link":"https:\/\/dtdoghouse.com\/sl\/izdelek\/luksuzna-pasja-postelja-modra-na-voljo-v-3-velikostih-copy\/","title":{"rendered":"Luksuzna pasja postelja, bordo rde\u010da\u2013 na voljo v 3 velikostih"},"content":{"rendered":"<h4 data-start=\"128\" data-end=\"195\"><strong data-start=\"128\" data-end=\"195\">Pasja postelja \/ pasja blazina iz velurja\u2013 bordo rde\u010da\u2013 na voljo v 3 velikostih<\/strong><\/h4>\n<p class=\"\" data-start=\"197\" data-end=\"462\">V svoj dom vnesite pridih elegance in udobja s <em data-start=\"255\" data-end=\"283\">velur pasjo blazino iz na\u0161e Soft kolekcije<\/em>. Ta mehka in stilsko dovr\u0161ena blazina v sodobnem srebrno sivem odtenku se lepo poda v vsak interier, hkrati pa va\u0161emu psu nudi prijetno in udobno mesto za po\u010ditek.<\/p>\n<p class=\"\" data-start=\"464\" data-end=\"702\">Blazina je izdelana iz kakovostnih materialov \u2013 prevleka je iz mehke in obstojne velur tkanine (100 % poliester), notranjost pa polnjena z mehko vlaknino, ki poskrbi za vrhunsko udobje.<\/p>\n<p class=\"\" data-start=\"704\" data-end=\"870\">Prakti\u010dna <strong data-start=\"727\" data-end=\"767\">prevleka z zadrgo<\/strong> omogo\u010da enostavno snemanje in vzdr\u017eevanje \u2013 blazino lahko perete v pralnem stroju na 30 \u00b0C.<\/p>\n<p class=\"\" data-start=\"877\" data-end=\"904\"><strong data-start=\"877\" data-end=\"904\">Lastnosti pasje postelje:<\/strong><\/p>\n<ul>\n<li data-start=\"907\" data-end=\"958\"><strong data-start=\"907\" data-end=\"934\">Material prevleke:<\/strong> 100 % poliester (velur)<\/li>\n<li data-start=\"961\" data-end=\"994\"><strong data-start=\"961\" data-end=\"973\">Polnilo:<\/strong> mehka fiber soft vlaknina<\/li>\n<li data-start=\"997\" data-end=\"1021\"><strong data-start=\"997\" data-end=\"1007\">Barva:<\/strong> Bordo rde\u010da<\/li>\n<li data-start=\"1024\" data-end=\"1050\"><strong data-start=\"1024\" data-end=\"1044\">Snemljiva prevleka <\/strong><\/li>\n<li data-start=\"1053\" data-end=\"1089\">Prevleka s <strong data-start=\"1053\" data-end=\"1072\">skrito zadrgo<\/strong><\/li>\n<li data-start=\"1092\" data-end=\"1132\"><strong data-start=\"1092\" data-end=\"1105\">Pranje<\/strong>: pralno v pralnem stroju pri 30 \u00b0C<\/li>\n<\/ul>\n<hr class=\"\" data-start=\"1192\" data-end=\"1195\" \/>\n<p class=\"\" data-start=\"1197\" data-end=\"1217\"><strong data-start=\"1197\" data-end=\"1217\">Na voljo v naslednjih velikostih (dol\u017eina x \u0161irina x debelina): <\/strong><\/p>\n<ul>\n<li data-start=\"1220\" data-end=\"1278\"><strong data-start=\"1220\" data-end=\"1231\">Velikost M:<\/strong> 76 x 56 x 13 cm<\/li>\n<li data-start=\"1281\" data-end=\"1339\"><strong data-start=\"1281\" data-end=\"1292\">Velikost L:<\/strong> 97 x 68 x 20 cm<\/li>\n<li data-start=\"1342\" data-end=\"1400\"><strong data-start=\"1342\" data-end=\"1354\">Velikost XL:<\/strong> 116 x 84 x 21 cm<\/li>\n<\/ul>\n<p class=\"\" data-start=\"1402\" data-end=\"1519\">Izberite pravo velikost glede na velikost va\u0161ega psa in mu omogo\u010dite udobje, ki si ga zaslu\u017ei \u2013 z enostavnim vzdr\u017eevanjem in elegantnim videzom, ki bo dopolnil va\u0161 dom.<\/p>\n","protected":false},"excerpt":{"rendered":"<p>&nbsp;<\/p>\n<ul>\n<li data-start=\"43\" data-end=\"92\">Na voljo v treh velikostih<\/li>\n<li data-start=\"1220\" data-end=\"1278\"><strong data-start=\"1220\" data-end=\"1231\">Velikost M:<\/strong> 76 x 56 x 13 cm<\/li>\n<li data-start=\"1281\" data-end=\"1339\"><strong data-start=\"1281\" data-end=\"1292\">Velikost L:<\/strong> 97 x 68 x 20 cm<\/li>\n<li data-start=\"1342\" data-end=\"1400\"><strong data-start=\"1342\" data-end=\"1354\">Velikost XL:<\/strong> 116 x 84 x 21 cm<\/li>\n<li data-start=\"907\" data-end=\"958\">100% poliester velur<\/li>\n<li data-start=\"961\" data-end=\"994\">Polnilo iz mehkih vlaken<\/li>\n<li data-start=\"997\" data-end=\"1021\">Barva: Bordo rde\u010da<\/li>\n<li data-start=\"1024\" data-end=\"1050\">Odstranljiva prevleka s skrito zadrgo<\/li>\n<li data-start=\"1092\" data-end=\"1132\">Pralno v pralnem stroju pri 30\u00b0C<\/li>\n<\/ul>\n","protected":false},"featured_media":2195,"template":"","meta":{"site-sidebar-layout":"default","site-content-layout":"","ast-site-content-layout":"default","site-content-style":"default","site-sidebar-style":"default","ast-global-header-display":"","ast-banner-title-visibility":"","ast-main-header-display":"","ast-hfb-above-header-display":"","ast-hfb-below-header-display":"","ast-hfb-mobile-header-display":"","site-post-title":"","ast-breadcrumbs-content":"","ast-featured-img":"","footer-sml-layout":"","ast-disable-related-posts":"","theme-transparent-header-meta":"default","adv-header-id-meta":"","stick-header-meta":"","header-above-stick-meta":"","header-main-stick-meta":"","header-below-stick-meta":"","astra-migrate-meta-layouts":"set","ast-page-background-enabled":"default","ast-page-background-meta":{"desktop":{"background-color":"var(--ast-global-color-4)","background-image":"","background-repeat":"repeat","background-position":"center center","background-size":"auto","background-attachment":"scroll","background-type":"","background-media":"","overlay-type":"","overlay-color":"","overlay-opacity":"","overlay-gradient":""},"tablet":{"background-color":"","background-image":"","background-repeat":"repeat","background-position":"center center","background-size":"auto","background-attachment":"scroll","background-type":"","background-media":"","overlay-type":"","overlay-color":"","overlay-opacity":"","overlay-gradient":""},"mobile":{"background-color":"","background-image":"","background-repeat":"repeat","background-position":"center center","background-size":"auto","background-attachment":"scroll","background-type":"","background-media":"","overlay-type":"","overlay-color":"","overlay-opacity":"","overlay-gradient":""}},"ast-content-background-meta":{"desktop":{"background-color":"var(--ast-global-color-5)","background-image":"","background-repeat":"repeat","background-position":"center center","background-size":"auto","background-attachment":"scroll","background-type":"","background-media":"","overlay-type":"","overlay-color":"","overlay-opacity":"","overlay-gradient":""},"tablet":{"background-color":"var(--ast-global-color-5)","background-image":"","background-repeat":"repeat","background-position":"center center","background-size":"auto","background-attachment":"scroll","background-type":"","background-media":"","overlay-type":"","overlay-color":"","overlay-opacity":"","overlay-gradient":""},"mobile":{"background-color":"var(--ast-global-color-5)","background-image":"","background-repeat":"repeat","background-position":"center center","background-size":"auto","background-attachment":"scroll","background-type":"","background-media":"","overlay-type":"","overlay-color":"","overlay-opacity":"","overlay-gradient":""}}},"product_brand":[],"product_cat":[147,202],"product_tag":[232,236,235,234,233,114,231,230],"class_list":{"0":"post-2216","1":"product","2":"type-product","3":"status-publish","4":"has-post-thumbnail","6":"product_cat-notranje-resitve","7":"product_cat-pasje-postelje","8":"product_tag-blazina","9":"product_tag-luksuzna-pasja-postelja","10":"product_tag-mehka-pasja-postelja","11":"product_tag-notranja-pasja-postelja","12":"product_tag-pasja-blazina","13":"product_tag-pasja-postelja","14":"product_tag-pasje-lezisce","15":"product_tag-postelja","16":"product_shipping_class-do-5-kg","17":"desktop-align-center","18":"tablet-align-center","19":"mobile-align-center","21":"first","22":"onbackorder","23":"featured","24":"shipping-taxable","25":"purchasable","26":"product-type-variable"},"_links":{"self":[{"href":"https:\/\/dtdoghouse.com\/sl\/wp-json\/wp\/v2\/product\/2216","targetHints":{"allow":["GET"]}}],"collection":[{"href":"https:\/\/dtdoghouse.com\/sl\/wp-json\/wp\/v2\/product"}],"about":[{"href":"https:\/\/dtdoghouse.com\/sl\/wp-json\/wp\/v2\/types\/product"}],"wp:featuredmedia":[{"embeddable":true,"href":"https:\/\/dtdoghouse.com\/sl\/wp-json\/wp\/v2\/media\/2195"}],"wp:attachment":[{"href":"https:\/\/dtdoghouse.com\/sl\/wp-json\/wp\/v2\/media?parent=2216"}],"wp:term":[{"taxonomy":"product_brand","embeddable":true,"href":"https:\/\/dtdoghouse.com\/sl\/wp-json\/wp\/v2\/product_brand?post=2216"},{"taxonomy":"product_cat","embeddable":true,"href":"https:\/\/dtdoghouse.com\/sl\/wp-json\/wp\/v2\/product_cat?post=2216"},{"taxonomy":"product_tag","embeddable":true,"href":"https:\/\/dtdoghouse.com\/sl\/wp-json\/wp\/v2\/product_tag?post=2216"}],"curies":[{"name":"wp","href":"https:\/\/api.w.org\/{rel}","templated":true}]}}