{"id":2444,"date":"2025-04-23T11:49:58","date_gmt":"2025-04-23T11:49:58","guid":{"rendered":"https:\/\/dtdoghouse.com\/?post_type=product&#038;p=2444"},"modified":"2025-05-27T10:47:37","modified_gmt":"2025-05-27T10:47:37","slug":"premium-zunanji-pasji-lezalnik","status":"publish","type":"product","link":"https:\/\/dtdoghouse.com\/sl\/izdelek\/premium-zunanji-pasji-lezalnik\/","title":{"rendered":"Premium zunanji pasji le\u017ealnik"},"content":{"rendered":"<h3 class=\"page-title\">Zunanji dvignjeni pasji le\u017ealnik \u2013 izoliran, odporen na vremenske vplive in ro\u010dno izdelan v Sloveniji<\/h3>\n<p>&nbsp;<\/p>\n<p class=\"\" data-start=\"160\" data-end=\"454\">Udobje za va\u0161ega psa. Vzdr\u017eljivost za vse letne \u010dase. Ta zunanji dvignjeni pasji le\u017ealnik je popolna re\u0161itev za po\u010ditek na prostem \u2013 bodisi kot samostojen izdelek ali v kombinaciji z na\u0161imi pasjimi hi\u0161kami.  <\/p>\n<h5 data-start=\"456\" data-end=\"480\"><strong data-start=\"461\" data-end=\"478\">Glavne zna\u010dilnosti:<\/strong><\/h5>\n<ul>\n<li class=\"\" data-start=\"468\" data-end=\"627\">\n<p class=\"\" data-start=\"470\" data-end=\"627\"><strong data-start=\"470\" data-end=\"497\">Ro\u010dno izdelano v Sloveniji <\/strong>: Vsak le\u017ealnik je ro\u010dno izdelan z natan\u010dnostjo in skrbjo, kar zagotavlja visoko kakovost in dolgo \u017eivljenjsko dobo.<\/p>\n<\/li>\n<li class=\"\" data-start=\"629\" data-end=\"773\">\n<p class=\"\" data-start=\"631\" data-end=\"773\"><strong data-start=\"631\" data-end=\"679\">Dvignjena konstrukcija (5 cm od tal)<\/strong>: \u0160\u010diti psa pred hladnimi in vla\u017enimi tlemi \u2013 idealno za uporabo na travniku, terasi ali v pesjaku.<\/p>\n<\/li>\n<li class=\"\" data-start=\"775\" data-end=\"904\">\n<p class=\"\" data-start=\"777\" data-end=\"904\"><strong data-start=\"777\" data-end=\"806\">Nastavljive nogice<\/strong>: \u0160tiri posami\u010dno nastavljive nogice omogo\u010dajo stabilnost tudi na neravnem terenu.<\/p>\n<\/li>\n<li class=\"\" data-start=\"906\" data-end=\"1080\">\n<p class=\"\" data-start=\"908\" data-end=\"1080\"><strong data-start=\"908\" data-end=\"963\">Sendvi\u010d paneli z izolacijo (30 mm)<\/strong>: Srce le\u017ealnika predstavlja jedro iz 30 mm izolacije, ki nudi za\u0161\u010dito tako pred mrazom, vla\u017enimi in hladnimi tlemi, kot pred vro\u010dino.<\/p>\n<\/li>\n<li class=\"\" data-start=\"1082\" data-end=\"1432\">\n<p class=\"\" data-start=\"1084\" data-end=\"1432\"><strong data-start=\"1084\" data-end=\"1120\">Povr\u0161ina iz tehni\u010dne gume (20 mm): <\/strong>Zgornja plast je prekrita z industrijsko tehni\u010dno gumo, ki je integrirana v okvir. Povr\u0161ina je protizdrsna, odporna na vlago, higieni\u010dna in enostavna za \u010di\u0161\u010denje. Psi radi le\u017eijo neposredno na njej, nanjo pa lahko polo\u017eite tudi posteljo ali Vet Bed iz na\u0161e ponudbe \u2013 vse bo ostalo na mestu.  <\/p>\n<\/li>\n<li class=\"\" data-start=\"1434\" data-end=\"1616\">\n<p class=\"\" data-start=\"1436\" data-end=\"1616\"><strong data-start=\"1436\" data-end=\"1488\">Robusten antracit okvir z za\u0161\u010dito vogalov<\/strong>: Trpe\u017een kovinski okvir v moderni antracit barvi z dodatno za\u0161\u010dito na vogalih za ve\u010djo varnost in eleganten videz.<\/p>\n<\/li>\n<\/ul>\n<h5 data-start=\"1300\" data-end=\"1327\"><strong data-start=\"1305\" data-end=\"1325\">Razpolo\u017eljive velikosti:<\/strong><\/h5>\n<ul data-start=\"1328\" data-end=\"1590\">\n<li class=\"\" data-start=\"1328\" data-end=\"1414\">\n<p class=\"\" data-start=\"1330\" data-end=\"1414\"><strong data-start=\"1330\" data-end=\"1335\">S<\/strong> \u2013 <strong data-start=\"1398\" data-end=\"1412\">80 \u00d7 65 cm<\/strong><\/p>\n<\/li>\n<li class=\"\" data-start=\"1415\" data-end=\"1502\">\n<p class=\"\" data-start=\"1417\" data-end=\"1502\"><strong data-start=\"1417\" data-end=\"1422\">M<\/strong> \u2013 <strong data-start=\"1485\" data-end=\"1500\">100 \u00d7 75 cm<\/strong><\/p>\n<\/li>\n<li class=\"\" data-start=\"1503\" data-end=\"1590\">\n<p class=\"\" data-start=\"1505\" data-end=\"1590\"><strong data-start=\"1505\" data-end=\"1510\">L<\/strong> \u2013 <strong data-start=\"1573\" data-end=\"1588\">110 \u00d7 80 cm<\/strong><\/p>\n<\/li>\n<li><strong data-start=\"1505\" data-end=\"1510\">XL<\/strong> \u2013 <strong data-start=\"1573\" data-end=\"1588\">120\u00d7 85 cm<\/strong><\/li>\n<\/ul>\n<p class=\"\" data-start=\"1592\" data-end=\"1763\">&#8211; Velikost po meri! \u010ce potrebujete velikost po meri, nas kontaktirajte in z veseljem vam bomo izdelali popolno prileganje va\u0161im potrebam. <\/p>\n<h5 data-start=\"1618\" data-end=\"1659\">\ud83d\udc3e <strong data-start=\"1625\" data-end=\"1659\">Zakaj ga imajo radi tako psi kot lastniki:<\/strong><\/h5>\n<ul>\n<li data-start=\"1663\" data-end=\"1745\">Udoben in prijeten \u2013 psi radi le\u017eijo neposredno na gumi<\/li>\n<li data-start=\"1748\" data-end=\"1828\">Odli\u010den v kombinaciji z na\u0161imi hi\u0161kami \u2013 skupaj tvorijo popolno zunanje zavetje<\/li>\n<li data-start=\"1831\" data-end=\"1947\">Lahko se uporablja samostojno \u2013 ali v kombinaciji z mehkim le\u017ei\u0161\u010dem ali VetBed-om<\/li>\n<li data-start=\"1950\" data-end=\"2022\">Odporen na vremenske vplive \u2013 primeren za uporabo skozi celo leto<\/li>\n<li data-start=\"2025\" data-end=\"2079\">Enostaven za vzdr\u017eevanje &#8211; enostaven za \u010di\u0161\u010denje<\/li>\n<li data-start=\"2082\" data-end=\"2172\">Protizdrsna povr\u0161ina \u2013 ni\u010d se ne premika, tudi \u010de je na le\u017ealniku dodatna podlaga.<\/li>\n<\/ul>\n<p data-start=\"1592\" data-end=\"1763\">Ta le\u017ealnik je pametna izbira za vse, ki \u017eelijo svojemu psu zagotoviti udobno in \u010disto le\u017ei\u0161\u010de na prostem \u2013 v vsakem vremenu.<\/p>\n<p class=\"\" data-start=\"1765\" data-end=\"1899\">\n","protected":false},"excerpt":{"rendered":"<p>&nbsp;<\/p>\n<ul>\n<li data-start=\"143\" data-end=\"170\">Ro\u010dno izdelano v Sloveniji<\/li>\n<li data-start=\"173\" data-end=\"212\">Dvignjeno od tal<\/li>\n<li data-start=\"215\" data-end=\"263\">4 nastavljive nogice za stabilnost na vseh povr\u0161inah<\/li>\n<li data-start=\"266\" data-end=\"322\">Izolirani sendvi\u010d paneli<\/li>\n<li data-start=\"325\" data-end=\"371\">Povr\u0161ina iz 20 mm tehni\u010dne gume \u2013 protizdrsna<\/li>\n<li data-start=\"374\" data-end=\"423\">Trpe\u017een antracit okvir z za\u0161\u010ditenimi vogali<\/li>\n<li data-start=\"426\" data-end=\"469\">Odporno na vremenske vplive in enostavno za \u010di\u0161\u010denje<\/li>\n<li>Na voljo v \u0161tirih velikostih S, M, L ali XL (ali po meri)<\/li>\n<li>izbirni dodatek za DT pasje hi\u0161ke<\/li>\n<\/ul>\n","protected":false},"featured_media":2463,"template":"","meta":{"site-sidebar-layout":"default","site-content-layout":"","ast-site-content-layout":"default","site-content-style":"default","site-sidebar-style":"default","ast-global-header-display":"","ast-banner-title-visibility":"","ast-main-header-display":"","ast-hfb-above-header-display":"","ast-hfb-below-header-display":"","ast-hfb-mobile-header-display":"","site-post-title":"","ast-breadcrumbs-content":"","ast-featured-img":"","footer-sml-layout":"","ast-disable-related-posts":"","theme-transparent-header-meta":"default","adv-header-id-meta":"","stick-header-meta":"","header-above-stick-meta":"","header-main-stick-meta":"","header-below-stick-meta":"","astra-migrate-meta-layouts":"set","ast-page-background-enabled":"default","ast-page-background-meta":{"desktop":{"background-color":"var(--ast-global-color-4)","background-image":"","background-repeat":"repeat","background-position":"center center","background-size":"auto","background-attachment":"scroll","background-type":"","background-media":"","overlay-type":"","overlay-color":"","overlay-opacity":"","overlay-gradient":""},"tablet":{"background-color":"","background-image":"","background-repeat":"repeat","background-position":"center center","background-size":"auto","background-attachment":"scroll","background-type":"","background-media":"","overlay-type":"","overlay-color":"","overlay-opacity":"","overlay-gradient":""},"mobile":{"background-color":"","background-image":"","background-repeat":"repeat","background-position":"center center","background-size":"auto","background-attachment":"scroll","background-type":"","background-media":"","overlay-type":"","overlay-color":"","overlay-opacity":"","overlay-gradient":""}},"ast-content-background-meta":{"desktop":{"background-color":"var(--ast-global-color-5)","background-image":"","background-repeat":"repeat","background-position":"center center","background-size":"auto","background-attachment":"scroll","background-type":"","background-media":"","overlay-type":"","overlay-color":"","overlay-opacity":"","overlay-gradient":""},"tablet":{"background-color":"var(--ast-global-color-5)","background-image":"","background-repeat":"repeat","background-position":"center center","background-size":"auto","background-attachment":"scroll","background-type":"","background-media":"","overlay-type":"","overlay-color":"","overlay-opacity":"","overlay-gradient":""},"mobile":{"background-color":"var(--ast-global-color-5)","background-image":"","background-repeat":"repeat","background-position":"center center","background-size":"auto","background-attachment":"scroll","background-type":"","background-media":"","overlay-type":"","overlay-color":"","overlay-opacity":"","overlay-gradient":""}}},"product_brand":[],"product_cat":[68,206,192],"product_tag":[78,114,125,79,249,124,123,126,250,82],"class_list":{"0":"post-2444","1":"product","2":"type-product","3":"status-publish","4":"has-post-thumbnail","6":"product_cat-dodatki-za-pasje-hiske","7":"product_cat-lezalniki-za-pse","8":"product_cat-zunanje-resitve","9":"product_tag-pasja-hiska","10":"product_tag-pasja-postelja","11":"product_tag-pasja-terasa","12":"product_tag-pasji-boks","13":"product_tag-pasji-lezalnik","14":"product_tag-pocivalnik","15":"product_tag-terasa","16":"product_tag-terasa-pasje-ute","17":"product_tag-zunanja-pasja-postelja","18":"product_tag-zunanje","19":"product_shipping_class-do-10kg","20":"desktop-align-center","21":"tablet-align-center","22":"mobile-align-center","24":"first","25":"onbackorder","26":"featured","27":"shipping-taxable","28":"purchasable","29":"product-type-variable"},"_links":{"self":[{"href":"https:\/\/dtdoghouse.com\/sl\/wp-json\/wp\/v2\/product\/2444","targetHints":{"allow":["GET"]}}],"collection":[{"href":"https:\/\/dtdoghouse.com\/sl\/wp-json\/wp\/v2\/product"}],"about":[{"href":"https:\/\/dtdoghouse.com\/sl\/wp-json\/wp\/v2\/types\/product"}],"wp:featuredmedia":[{"embeddable":true,"href":"https:\/\/dtdoghouse.com\/sl\/wp-json\/wp\/v2\/media\/2463"}],"wp:attachment":[{"href":"https:\/\/dtdoghouse.com\/sl\/wp-json\/wp\/v2\/media?parent=2444"}],"wp:term":[{"taxonomy":"product_brand","embeddable":true,"href":"https:\/\/dtdoghouse.com\/sl\/wp-json\/wp\/v2\/product_brand?post=2444"},{"taxonomy":"product_cat","embeddable":true,"href":"https:\/\/dtdoghouse.com\/sl\/wp-json\/wp\/v2\/product_cat?post=2444"},{"taxonomy":"product_tag","embeddable":true,"href":"https:\/\/dtdoghouse.com\/sl\/wp-json\/wp\/v2\/product_tag?post=2444"}],"curies":[{"name":"wp","href":"https:\/\/api.w.org\/{rel}","templated":true}]}}