{"id":3360,"date":"2025-07-09T08:41:17","date_gmt":"2025-07-09T08:41:17","guid":{"rendered":"https:\/\/dtdoghouse.com\/?post_type=product&#038;p=3360"},"modified":"2025-07-09T11:47:03","modified_gmt":"2025-07-09T11:47:03","slug":"plasticna-pasja-postelja-dreamer-vec-velikosti","status":"publish","type":"product","link":"https:\/\/dtdoghouse.com\/sl\/izdelek\/plasticna-pasja-postelja-dreamer-vec-velikosti\/","title":{"rendered":"Plasti\u010dna pasja postelja Dreamer\u2013 Ve\u010d velikosti"},"content":{"rendered":"<h3>PLASTI\u010cNA PASJA POSTELJA DREAMER \u2013 Ve\u010d velikosti<\/h3>\n<p>&nbsp;<\/p>\n<p><strong>Na voljo v treh velikostih<\/strong><\/p>\n<ul>\n<li data-start=\"1343\" data-end=\"1364\"><strong data-start=\"1343\" data-end=\"1362\">S : 60 \u00d7 40 \u00d7 20 cm<\/strong><\/li>\n<li data-start=\"1367\" data-end=\"1388\"><strong data-start=\"1367\" data-end=\"1386\">M: 80 \u00d7 60 \u00d7 25 cm<\/strong><\/li>\n<li data-start=\"1391\" data-end=\"1410\"><strong data-start=\"1391\" data-end=\"1410\">L: 95 \u00d7 70 \u00d7 29 cm<\/strong><\/li>\n<\/ul>\n<p data-start=\"171\" data-end=\"695\">Plasti\u010dne pasje postelje so prakti\u010dna, higienska in trpe\u017ena izbira \u2013 popolne za vsakodnevno uporabo doma ali na prostem. Zaradi enostavnega \u010di\u0161\u010denja, vzdr\u017eljivosti in rahlo dvignjenega dizajna nudijo psu udoben prostor za po\u010ditek, za\u0161\u010diten pred mrazom ali vlago s tal. Posteljo preprosto obri\u0161ete ali sperete z vodo \u2013 idealna re\u0161itev za mladi\u010dke, starej\u0161e pse ali pse, ki imajo te\u017eave z uhajanjem. Plasti\u010dne postelje omogo\u010dajo tudi bolj\u0161e kro\u017eenje zraka in so odporne na grizenje, zato so ena izmed najbolj pametnih re\u0161itev za sodobne lastnike psov.<\/p>\n<p data-start=\"697\" data-end=\"951\">Predstavljamo vam <strong data-start=\"713\" data-end=\"740\">Plasti\u010dno pasjo posteljo DREAMER<\/strong> \u2013 mo\u010dno in okolju prijazno le\u017ei\u0161\u010de, izdelano iz <strong data-start=\"807\" data-end=\"832\">100 % reciklirane plastike<\/strong>, ki zmanj\u0161uje porabo fosilnih virov in hkrati nudi varen in preprost prostor za po\u010ditek va\u0161ega psa.<\/p>\n<p data-start=\"1257\" data-end=\"1276\"><strong>Glavne prednosti plasti\u010dne pasje postelje:<\/strong><\/p>\n<ul>\n<li data-start=\"973\" data-end=\"1037\">Izdelana iz 100 % reciklirane plastike \u2013 okolju prijazna izbira<\/li>\n<li data-start=\"1040\" data-end=\"1092\">Prezra\u010devalne luknje za bolj\u0161i pretok zraka<\/li>\n<li data-start=\"1095\" data-end=\"1155\">Anti-slip feet for better stability on smooth surfaces<\/li>\n<li data-start=\"1158\" data-end=\"1224\">Enostavna za \u010di\u0161\u010denje \u2013 obri\u0161ete ali sperete z vodo<\/li>\n<li data-start=\"1227\" data-end=\"1285\">Rahlo dvignjeno dno \u2013 za\u0161\u010dita pred hladnimi ali vla\u017enimi tlemi<\/li>\n<li data-start=\"1288\" data-end=\"1316\">Na voljo v \u010drni barvi<\/li>\n<\/ul>\n<p data-start=\"1318\" data-end=\"1340\"><strong data-start=\"1318\" data-end=\"1338\">Razpolo\u017eljive velikosti:<\/strong><\/p>\n<ul>\n<li data-start=\"1343\" data-end=\"1364\"><strong>S: 60 \u00d7 40 \u00d7 20 cm<\/strong><\/li>\n<li data-start=\"1367\" data-end=\"1388\"><strong>M: 80 \u00d7 60 \u00d7 25 cm<\/strong><\/li>\n<li data-start=\"1391\" data-end=\"1410\"><strong>L: 95 \u00d7 70 \u00d7 29 cm<\/strong><\/li>\n<\/ul>\n<p data-start=\"1412\" data-end=\"1457\">Blazine za v ko\u0161aro so na voljo posebaj. Preverite jih <a href=\"https:\/\/dtdoghouse.com\/sl\/kategorija-izdelka\/notranje-resitve\/pasje-postelje\/\">TUKAJ.<\/a><\/p>\n<hr \/>\n<p data-start=\"1412\" data-end=\"1457\"><strong data-start=\"74\" data-end=\"90\">Opomba<\/strong>: Ta izdelek je izdelan po naro\u010dilu. Rok dobave je 5\u201310 delovnih dni. \u010ce je izdelek na zalogi, bo odposlan naslednji delovni dan, o \u010demer boste obve\u0161\u010deni.<\/p>\n","protected":false},"excerpt":{"rendered":"<p>&nbsp;<\/p>\n<ul>\n<li data-start=\"56\" data-end=\"122\">Na voljo v treh velikostih :<br data-start=\"487\" data-end=\"490\" \/>\u2022 60 \u00d7 40 \u00d7 20 cm<br data-start=\"507\" data-end=\"510\" \/>\u2022 80 \u00d7 60 \u00d7 25 cm<br data-start=\"527\" data-end=\"530\" \/>\u2022 95 \u00d7 70 \u00d7 29 cm<\/li>\n<li data-start=\"56\" data-end=\"122\">100 % reciklirana plastika<\/li>\n<li data-start=\"56\" data-end=\"122\">Enostavna za \u010di\u0161\u010denje<\/li>\n<li data-start=\"56\" data-end=\"122\">Zelo trpe\u017ena in odporna na grizenje<\/li>\n<\/ul>\n","protected":false},"featured_media":3366,"template":"","meta":{"site-sidebar-layout":"default","site-content-layout":"","ast-site-content-layout":"default","site-content-style":"default","site-sidebar-style":"default","ast-global-header-display":"","ast-banner-title-visibility":"","ast-main-header-display":"","ast-hfb-above-header-display":"","ast-hfb-below-header-display":"","ast-hfb-mobile-header-display":"","site-post-title":"","ast-breadcrumbs-content":"","ast-featured-img":"","footer-sml-layout":"","ast-disable-related-posts":"","theme-transparent-header-meta":"default","adv-header-id-meta":"","stick-header-meta":"","header-above-stick-meta":"","header-main-stick-meta":"","header-below-stick-meta":"","astra-migrate-meta-layouts":"set","ast-page-background-enabled":"default","ast-page-background-meta":{"desktop":{"background-color":"var(--ast-global-color-4)","background-image":"","background-repeat":"repeat","background-position":"center center","background-size":"auto","background-attachment":"scroll","background-type":"","background-media":"","overlay-type":"","overlay-color":"","overlay-opacity":"","overlay-gradient":""},"tablet":{"background-color":"","background-image":"","background-repeat":"repeat","background-position":"center center","background-size":"auto","background-attachment":"scroll","background-type":"","background-media":"","overlay-type":"","overlay-color":"","overlay-opacity":"","overlay-gradient":""},"mobile":{"background-color":"","background-image":"","background-repeat":"repeat","background-position":"center center","background-size":"auto","background-attachment":"scroll","background-type":"","background-media":"","overlay-type":"","overlay-color":"","overlay-opacity":"","overlay-gradient":""}},"ast-content-background-meta":{"desktop":{"background-color":"var(--ast-global-color-5)","background-image":"","background-repeat":"repeat","background-position":"center center","background-size":"auto","background-attachment":"scroll","background-type":"","background-media":"","overlay-type":"","overlay-color":"","overlay-opacity":"","overlay-gradient":""},"tablet":{"background-color":"var(--ast-global-color-5)","background-image":"","background-repeat":"repeat","background-position":"center center","background-size":"auto","background-attachment":"scroll","background-type":"","background-media":"","overlay-type":"","overlay-color":"","overlay-opacity":"","overlay-gradient":""},"mobile":{"background-color":"var(--ast-global-color-5)","background-image":"","background-repeat":"repeat","background-position":"center center","background-size":"auto","background-attachment":"scroll","background-type":"","background-media":"","overlay-type":"","overlay-color":"","overlay-opacity":"","overlay-gradient":""}}},"product_brand":[],"product_cat":[206,147,202,192],"product_tag":[391,114,389,390],"class_list":{"0":"post-3360","1":"product","2":"type-product","3":"status-publish","4":"has-post-thumbnail","6":"product_cat-lezalniki-za-pse","7":"product_cat-notranje-resitve","8":"product_cat-pasje-postelje","9":"product_cat-zunanje-resitve","10":"product_tag-dreamer-sl","11":"product_tag-pasja-postelja","12":"product_tag-plasticna","13":"product_tag-plasticna-pasja-postelja","14":"product_shipping_class-do-10kg","15":"desktop-align-center","16":"tablet-align-center","17":"mobile-align-center","19":"first","20":"onbackorder","21":"featured","22":"shipping-taxable","23":"purchasable","24":"product-type-variable"},"_links":{"self":[{"href":"https:\/\/dtdoghouse.com\/sl\/wp-json\/wp\/v2\/product\/3360","targetHints":{"allow":["GET"]}}],"collection":[{"href":"https:\/\/dtdoghouse.com\/sl\/wp-json\/wp\/v2\/product"}],"about":[{"href":"https:\/\/dtdoghouse.com\/sl\/wp-json\/wp\/v2\/types\/product"}],"wp:featuredmedia":[{"embeddable":true,"href":"https:\/\/dtdoghouse.com\/sl\/wp-json\/wp\/v2\/media\/3366"}],"wp:attachment":[{"href":"https:\/\/dtdoghouse.com\/sl\/wp-json\/wp\/v2\/media?parent=3360"}],"wp:term":[{"taxonomy":"product_brand","embeddable":true,"href":"https:\/\/dtdoghouse.com\/sl\/wp-json\/wp\/v2\/product_brand?post=3360"},{"taxonomy":"product_cat","embeddable":true,"href":"https:\/\/dtdoghouse.com\/sl\/wp-json\/wp\/v2\/product_cat?post=3360"},{"taxonomy":"product_tag","embeddable":true,"href":"https:\/\/dtdoghouse.com\/sl\/wp-json\/wp\/v2\/product_tag?post=3360"}],"curies":[{"name":"wp","href":"https:\/\/api.w.org\/{rel}","templated":true}]}}