{"id":3568,"date":"2025-07-18T10:43:58","date_gmt":"2025-07-18T10:43:58","guid":{"rendered":"https:\/\/dtdoghouse.com\/?post_type=product&#038;p=3568"},"modified":"2025-07-18T10:58:54","modified_gmt":"2025-07-18T10:58:54","slug":"nastavljiva-avto-varnostna-pregrada-za-pse-visina-30cm","status":"publish","type":"product","link":"https:\/\/dtdoghouse.com\/sl\/izdelek\/nastavljiva-avto-varnostna-pregrada-za-pse-visina-30cm\/","title":{"rendered":"Nastavljiva avto varnostna pregrada za pse \u2013 vi\u0161ina 30cm"},"content":{"rendered":"<h4>Varnostna pregrada za pse \u2013 nastavljiva kovinska pregrada (\u010drna)<\/h4>\n<p><strong>Nastavljiva \u0161irina: 96\u2013145 cm, vi\u0161ina 30cm<\/strong><\/p>\n<p>&nbsp;<\/p>\n<p data-start=\"285\" data-end=\"581\">Poskrbite za varno vo\u017enjo tako za hi\u0161ne ljubljen\u010dke kot za potnike z nastavljivo varnostno pregrado, ki je zasnovana za namestitev za zadnjimi sede\u017ei v prtlja\u017enem prostoru. Idealna je za prevoz psov ali varno lo\u010devanje prtljage, saj nudi zanesljivo za\u0161\u010dito in prepre\u010duje nenadzorovano gibanje med vo\u017enjo.<\/p>\n<p data-start=\"583\" data-end=\"904\">Izdelana je iz visokokakovostne kovine s \u010drnim premazom, pregrada omogo\u010da prilagodljivo \u0161irino (96\u2013145 cm) in ima fiksno vi\u0161ino (30 cm), kar omogo\u010da enostavno prilagoditev dimenzijam prtlja\u017enika va\u0161ega vozila. Zaradi prostorsko var\u010dne pritrditve na naslone za glavo je stabilna, ne da bi ovirala notranjost avtomobila.<\/p>\n<p data-start=\"1257\" data-end=\"1276\"><strong data-start=\"1257\" data-end=\"1274\">Glavne zna\u010dilnosti:<\/strong><\/p>\n<ul>\n<li data-start=\"928\" data-end=\"957\">Nastavljiva \u0161irina: 96\u2013145 cm<\/li>\n<li data-start=\"960\" data-end=\"981\">Fiksna vi\u0161ina: 30 cm<\/li>\n<li data-start=\"984\" data-end=\"1018\">Hitra namestitev brez orodja<\/li>\n<li data-start=\"1021\" data-end=\"1053\">Mo\u010dna in stabilna konstrukcija<\/li>\n<li data-start=\"1056\" data-end=\"1110\">Neposredna pritrditev na naslone za glavo s klik sistemom<\/li>\n<li data-start=\"1113\" data-end=\"1147\">Prostorsko var\u010dna in diskretna zasnova<\/li>\n<li data-start=\"1150\" data-end=\"1189\">Primerna za prevoz hi\u0161nih ljubljen\u010dkov ali prtljage<\/li>\n<\/ul>\n<p><strong data-start=\"1191\" data-end=\"1221\">Navodila za monta\u017eo:<\/strong><br data-start=\"1221\" data-end=\"1224\" \/>Za enostavno namestitev si prenesite navodila tukaj:<br data-start=\"1277\" data-end=\"1280\" \/>\ud83d\udc49 <a class=\"cursor-pointer\" href=\"https:\/\/dtdoghouse.com\/wp-content\/uploads\/2025\/07\/INSTRUCTION-PANEL.pdf\" target=\"_new\" rel=\"noopener\" data-start=\"1283\" data-end=\"1365\"> PDF navodila<\/a><\/p>\n<hr \/>\n<p><strong>Pomembno<\/strong>: \u010ce izdelka ni na zalogi, je dobavni rok pribli\u017eno 5\u201310 delovnih dni. V primeru, da artikla pri na\u0161em dobavitelju ni na zalogi, vas bomo o tem nemudoma obvestili.<\/p>\n","protected":false},"excerpt":{"rendered":"<p>&nbsp;<\/p>\n<ul>\n<li data-start=\"168\" data-end=\"201\">Nastavljiva \u0161irina: 96\u2013145 cm<\/li>\n<li data-start=\"204\" data-end=\"229\">Fiksna vi\u0161ina: 30 cm<\/li>\n<li data-start=\"232\" data-end=\"284\">Primerno za zadnje sede\u017ee \u2013 za prtlja\u017enik\/prostor za prtljago<\/li>\n<li data-start=\"287\" data-end=\"318\">Trdna kovina s \u010drnim premazom<\/li>\n<li data-start=\"321\" data-end=\"363\">Hitra namestitev \u2013 orodje ni potrebno<\/li>\n<li data-start=\"366\" data-end=\"413\">Pritrdi se na vzglavnike s klik konektorji<\/li>\n<\/ul>\n","protected":false},"featured_media":3551,"template":"","meta":{"site-sidebar-layout":"default","site-content-layout":"","ast-site-content-layout":"default","site-content-style":"default","site-sidebar-style":"default","ast-global-header-display":"","ast-banner-title-visibility":"","ast-main-header-display":"","ast-hfb-above-header-display":"","ast-hfb-below-header-display":"","ast-hfb-mobile-header-display":"","site-post-title":"","ast-breadcrumbs-content":"","ast-featured-img":"","footer-sml-layout":"","ast-disable-related-posts":"","theme-transparent-header-meta":"default","adv-header-id-meta":"","stick-header-meta":"","header-above-stick-meta":"","header-main-stick-meta":"","header-below-stick-meta":"","astra-migrate-meta-layouts":"set","ast-page-background-enabled":"default","ast-page-background-meta":{"desktop":{"background-color":"var(--ast-global-color-4)","background-image":"","background-repeat":"repeat","background-position":"center center","background-size":"auto","background-attachment":"scroll","background-type":"","background-media":"","overlay-type":"","overlay-color":"","overlay-opacity":"","overlay-gradient":""},"tablet":{"background-color":"","background-image":"","background-repeat":"repeat","background-position":"center center","background-size":"auto","background-attachment":"scroll","background-type":"","background-media":"","overlay-type":"","overlay-color":"","overlay-opacity":"","overlay-gradient":""},"mobile":{"background-color":"","background-image":"","background-repeat":"repeat","background-position":"center center","background-size":"auto","background-attachment":"scroll","background-type":"","background-media":"","overlay-type":"","overlay-color":"","overlay-opacity":"","overlay-gradient":""}},"ast-content-background-meta":{"desktop":{"background-color":"var(--ast-global-color-5)","background-image":"","background-repeat":"repeat","background-position":"center center","background-size":"auto","background-attachment":"scroll","background-type":"","background-media":"","overlay-type":"","overlay-color":"","overlay-opacity":"","overlay-gradient":""},"tablet":{"background-color":"var(--ast-global-color-5)","background-image":"","background-repeat":"repeat","background-position":"center center","background-size":"auto","background-attachment":"scroll","background-type":"","background-media":"","overlay-type":"","overlay-color":"","overlay-opacity":"","overlay-gradient":""},"mobile":{"background-color":"var(--ast-global-color-5)","background-image":"","background-repeat":"repeat","background-position":"center center","background-size":"auto","background-attachment":"scroll","background-type":"","background-media":"","overlay-type":"","overlay-color":"","overlay-opacity":"","overlay-gradient":""}}},"product_brand":[],"product_cat":[207,145],"product_tag":[219,302,374,73,161,375,429],"class_list":{"0":"post-3568","1":"product","2":"type-product","3":"status-publish","4":"has-post-thumbnail","6":"product_cat-dodatki-za-na-pot","7":"product_cat-transportne-resitve","8":"product_tag-avto","9":"product_tag-avto-potovanje","10":"product_tag-avto-prevoz-psa","11":"product_tag-pregrada","12":"product_tag-transport-sl","13":"product_tag-varen-prevoz","14":"product_tag-varnostna-pregrada","15":"product_shipping_class-do-5-kg","16":"desktop-align-center","17":"tablet-align-center","18":"mobile-align-center","20":"first","21":"onbackorder","22":"shipping-taxable","23":"purchasable","24":"product-type-simple"},"_links":{"self":[{"href":"https:\/\/dtdoghouse.com\/sl\/wp-json\/wp\/v2\/product\/3568","targetHints":{"allow":["GET"]}}],"collection":[{"href":"https:\/\/dtdoghouse.com\/sl\/wp-json\/wp\/v2\/product"}],"about":[{"href":"https:\/\/dtdoghouse.com\/sl\/wp-json\/wp\/v2\/types\/product"}],"wp:featuredmedia":[{"embeddable":true,"href":"https:\/\/dtdoghouse.com\/sl\/wp-json\/wp\/v2\/media\/3551"}],"wp:attachment":[{"href":"https:\/\/dtdoghouse.com\/sl\/wp-json\/wp\/v2\/media?parent=3568"}],"wp:term":[{"taxonomy":"product_brand","embeddable":true,"href":"https:\/\/dtdoghouse.com\/sl\/wp-json\/wp\/v2\/product_brand?post=3568"},{"taxonomy":"product_cat","embeddable":true,"href":"https:\/\/dtdoghouse.com\/sl\/wp-json\/wp\/v2\/product_cat?post=3568"},{"taxonomy":"product_tag","embeddable":true,"href":"https:\/\/dtdoghouse.com\/sl\/wp-json\/wp\/v2\/product_tag?post=3568"}],"curies":[{"name":"wp","href":"https:\/\/api.w.org\/{rel}","templated":true}]}}