{"id":4945,"date":"2025-04-02T08:19:49","date_gmt":"2025-04-02T08:19:49","guid":{"rendered":"https:\/\/dtdoghouse.com\/?post_type=product&#038;p=4945"},"modified":"2026-04-20T08:27:29","modified_gmt":"2026-04-20T08:27:29","slug":"alu-pokrivalo-za-bokse-avtomobile-uv-zascita-6-x-8m","status":"publish","type":"product","link":"https:\/\/dtdoghouse.com\/sl\/izdelek\/alu-pokrivalo-za-bokse-avtomobile-uv-zascita-6-x-8m\/","title":{"rendered":"ALU Pokrivalo za bokse, avtomobile \u2013 UV za\u0161\u010dita 6 x 8m"},"content":{"rendered":"<h2 data-pm-slice=\"1 1 []\"><strong>Aluminijasta tkanina za sen\u010denje &#8211; sen\u010dnik &#8211; UV za\u0161\u010dita &#8211; Alu mre\u017ea za kletke, avtomobile, bokse<\/strong><\/h2>\n<p>&nbsp;<\/p>\n<p data-pm-slice=\"1 1 []\">Ta visokokakovostna aluminijasta sen\u010dna tkanina je zasnovana za za\u0161\u010dito pred prekomerno vro\u010dino in izpostavljenostjo soncu. Zahvaljujo\u010d mre\u017easti strukturi, ki diha, omogo\u010da kro\u017eenje zraka in hkrati u\u010dinkovito zni\u017euje temperaturo, zaradi \u010desar je odli\u010dna re\u0161itev za razli\u010dne namene.<\/p>\n<h4 data-pm-slice=\"1 3 []\">Velikost:<\/h4>\n<ul data-spread=\"false\">\n<li><strong>6 x 8 m<\/strong> \u2013 popolno za pokrivanje boksov, pesjakov in zaradi svoje velikosti, celotnih vozil<\/li>\n<\/ul>\n<p><strong>Na voljo tudi v manj\u0161ih dimenzijah <a href=\"https:\/\/dtdoghouse.com\/sl\/kategorija-izdelka\/transportne-resitve\/dodatki-za-na-pot\/\">TUKAJ.<\/a><\/strong><\/p>\n<hr \/>\n<h4 data-pm-slice=\"1 3 []\">Glavne zna\u010dilnosti:<\/h4>\n<ul data-spread=\"false\">\n<li>Prepre\u010duje zadr\u017eevanje toplote in \u0161\u010diti pred son\u010dno svetlobo<\/li>\n<li>Mre\u017easta struktura, ki diha &#8211; ni popolnoma temna<\/li>\n<li>Vsestranska uporaba<\/li>\n<\/ul>\n<h4 data-pm-slice=\"1 3 []\">Idealno za:<\/h4>\n<ul data-spread=\"false\">\n<li><strong>Pasje ute, pasji boksi, transportni boksi<\/strong>\u2013 ohranja hi\u0161ne ljubljen\u010dke hladne in udobne<\/li>\n<li><strong>Kampiranje in aktivnosti na prostem<\/strong> \u2013 Zagotavlja bistveno za\u0161\u010dito pred soncem<\/li>\n<li><strong>Potovanje &amp; camp Vozila <\/strong>\u2013 Zmanj\u0161a toploto v avtomobilih, idealno za lastnike hi\u0161nih ljubljen\u010dkov<\/li>\n<\/ul>\n<hr \/>\n<p data-pm-slice=\"1 1 []\">Pokrivalo ima oja\u010dana o\u010desca na vogalih, ki zagotavljajo varno pritrditev tudi v vetrovnih razmerah. Potrebujete gumijasti ekspander, ki ni prilo\u017een.<\/p>\n","protected":false},"excerpt":{"rendered":"<p>&nbsp;<\/p>\n<ul>\n<li>VELIKOST : 6 x 8 m<\/li>\n<li>Idealno za vozila,bokse, kampiranje<\/li>\n<li>\u0160\u010diti pred vro\u010dino &amp; UV \u017earki<\/li>\n<li>Mre\u017ea, ki diha \u2013 omogo\u010da pretok zraka<\/li>\n<li>Lahek in enostaven za namestitev<\/li>\n<\/ul>\n","protected":false},"featured_media":1887,"template":"","meta":{"site-sidebar-layout":"default","site-content-layout":"","ast-site-content-layout":"default","site-content-style":"default","site-sidebar-style":"default","ast-global-header-display":"","ast-banner-title-visibility":"","ast-main-header-display":"","ast-hfb-above-header-display":"","ast-hfb-below-header-display":"","ast-hfb-mobile-header-display":"","site-post-title":"","ast-breadcrumbs-content":"","ast-featured-img":"","footer-sml-layout":"","ast-disable-related-posts":"","theme-transparent-header-meta":"default","adv-header-id-meta":"","stick-header-meta":"","header-above-stick-meta":"","header-main-stick-meta":"","header-below-stick-meta":"","astra-migrate-meta-layouts":"set","ast-page-background-enabled":"default","ast-page-background-meta":{"desktop":{"background-color":"var(--ast-global-color-4)","background-image":"","background-repeat":"repeat","background-position":"center center","background-size":"auto","background-attachment":"scroll","background-type":"","background-media":"","overlay-type":"","overlay-color":"","overlay-opacity":"","overlay-gradient":""},"tablet":{"background-color":"","background-image":"","background-repeat":"repeat","background-position":"center center","background-size":"auto","background-attachment":"scroll","background-type":"","background-media":"","overlay-type":"","overlay-color":"","overlay-opacity":"","overlay-gradient":""},"mobile":{"background-color":"","background-image":"","background-repeat":"repeat","background-position":"center center","background-size":"auto","background-attachment":"scroll","background-type":"","background-media":"","overlay-type":"","overlay-color":"","overlay-opacity":"","overlay-gradient":""}},"ast-content-background-meta":{"desktop":{"background-color":"var(--ast-global-color-5)","background-image":"","background-repeat":"repeat","background-position":"center center","background-size":"auto","background-attachment":"scroll","background-type":"","background-media":"","overlay-type":"","overlay-color":"","overlay-opacity":"","overlay-gradient":""},"tablet":{"background-color":"var(--ast-global-color-5)","background-image":"","background-repeat":"repeat","background-position":"center center","background-size":"auto","background-attachment":"scroll","background-type":"","background-media":"","overlay-type":"","overlay-color":"","overlay-opacity":"","overlay-gradient":""},"mobile":{"background-color":"var(--ast-global-color-5)","background-image":"","background-repeat":"repeat","background-position":"center center","background-size":"auto","background-attachment":"scroll","background-type":"","background-media":"","overlay-type":"","overlay-color":"","overlay-opacity":"","overlay-gradient":""}}},"product_brand":[],"product_cat":[207,145],"product_tag":[522,524,219,164,525,523,521],"class_list":{"0":"post-4945","1":"product","2":"type-product","3":"status-publish","4":"has-post-thumbnail","6":"product_cat-dodatki-za-na-pot","7":"product_cat-transportne-resitve","8":"product_tag-alu","9":"product_tag-alu-pokrivalo","10":"product_tag-avto","11":"product_tag-boks","12":"product_tag-pes","13":"product_tag-pokrivalo","14":"product_tag-zascita-2","15":"product_shipping_class-do-10kg","16":"desktop-align-center","17":"tablet-align-center","18":"mobile-align-center","20":"first","21":"onbackorder","22":"featured","23":"shipping-taxable","24":"purchasable","25":"product-type-simple"},"_links":{"self":[{"href":"https:\/\/dtdoghouse.com\/sl\/wp-json\/wp\/v2\/product\/4945","targetHints":{"allow":["GET"]}}],"collection":[{"href":"https:\/\/dtdoghouse.com\/sl\/wp-json\/wp\/v2\/product"}],"about":[{"href":"https:\/\/dtdoghouse.com\/sl\/wp-json\/wp\/v2\/types\/product"}],"wp:featuredmedia":[{"embeddable":true,"href":"https:\/\/dtdoghouse.com\/sl\/wp-json\/wp\/v2\/media\/1887"}],"wp:attachment":[{"href":"https:\/\/dtdoghouse.com\/sl\/wp-json\/wp\/v2\/media?parent=4945"}],"wp:term":[{"taxonomy":"product_brand","embeddable":true,"href":"https:\/\/dtdoghouse.com\/sl\/wp-json\/wp\/v2\/product_brand?post=4945"},{"taxonomy":"product_cat","embeddable":true,"href":"https:\/\/dtdoghouse.com\/sl\/wp-json\/wp\/v2\/product_cat?post=4945"},{"taxonomy":"product_tag","embeddable":true,"href":"https:\/\/dtdoghouse.com\/sl\/wp-json\/wp\/v2\/product_tag?post=4945"}],"curies":[{"name":"wp","href":"https:\/\/api.w.org\/{rel}","templated":true}]}}