{"id":4951,"date":"2026-04-20T09:04:04","date_gmt":"2026-04-20T09:04:04","guid":{"rendered":"https:\/\/dtdoghouse.com\/?post_type=product&#038;p=4951"},"modified":"2026-04-20T09:08:46","modified_gmt":"2026-04-20T09:08:46","slug":"pvc-kotilnica-145-x-145-x-46-cm","status":"publish","type":"product","link":"https:\/\/dtdoghouse.com\/sl\/izdelek\/pvc-kotilnica-145-x-145-x-46-cm\/","title":{"rendered":"PVC kotilnica &#8211; 145 x 145 x 46 cm"},"content":{"rendered":"<h3 class=\"page-title\">PVC kotilnica za pasje mladi\u010de- velikost 145 x 145cm, vi\u0161ina 46cm<\/h3>\n<p class=\"\" data-start=\"252\" data-end=\"452\">Zagotovite svoji psi\u010dki varno in brezstresno okolje, ki si ga zaslu\u017ei med kotitvijo, s <strong data-start=\"341\" data-end=\"369\">PVC kotilnico za kotitev mladi\u010dkov<\/strong> \u2013 zanesljivo, higiensko in s strani vzrediteljev odobreno re\u0161itvijo za vzgojo novorojenih mladi\u010dkov.<\/p>\n<h5 data-start=\"454\" data-end=\"490\"><strong data-start=\"459\" data-end=\"490\">Varna. Trpe\u017ena. Enostavna za uporabo. <\/strong><\/h5>\n<p class=\"\" data-start=\"491\" data-end=\"804\">Kotilnica je izdelana iz trdega in odpornega PVC-ja, ki zagotavlja topel, \u010dist in varen prostor za mamico in njene mladi\u010de. Vgrajena nastavljiva za\u0161\u010ditna letvica (anti-roll bar) prepre\u010duje, da bi mamica med le\u017eanjem nehote po\u0161kodovala mladi\u010dke \u2013 letvico lahko tudi popolnoma odstranite, ko so mladi\u010di dovolj veliki.<\/p>\n<h5 data-start=\"1892\" data-end=\"1917\"><strong data-start=\"1897\" data-end=\"1917\">Velikost:<\/strong><\/h5>\n<ul>\n<li data-start=\"1892\" data-end=\"1917\"><b>kotilnica: 145 x 145 cm , vi\u0161ina 46cm<\/b><\/li>\n<\/ul>\n<p class=\"\" data-start=\"1920\" data-end=\"1949\">Na voljo tudi v drugih velikostih in z dodatnim ograjenim prostorom za igro. Oglejte si na\u0161e re\u0161itve za vzreditelje.<\/p>\n<hr \/>\n<h5 data-start=\"672\" data-end=\"697\">Glavne zna\u010dilnosti:<\/h5>\n<p class=\"\" data-start=\"831\" data-end=\"1032\">\u2705 <strong data-start=\"460\" data-end=\"483\">Trpe\u017eno in higiensko<\/strong>: Izdelano iz mo\u010dnega, enostavnega za \u010di\u0161\u010denje PVC-ja \u2013 materiala, znanega po svoji vzdr\u017eljivosti, varnosti in odpornosti na vlago, vonjave in umazanijo.<\/p>\n<p data-start=\"1712\" data-end=\"1731\">\u2705<strong> Enostavno \u010di\u0161\u010denje: Preprosto sperite z vodo in blagim detergentom \u2013 ali pa za temeljitej\u0161e \u010di\u0161\u010denje uporabite visokotla\u010dni \u010distilec. Tako je vsakodnevno vzdr\u017eevanje hitro in brez te\u017eav.<\/strong><\/p>\n<p class=\"\" data-start=\"1035\" data-end=\"1165\">\u2705 <strong data-start=\"615\" data-end=\"634\">Hitra monta\u017ea<\/strong>: Za monta\u017eo ni potrebno orodje (razen izvija\u010da za varnostne ograje). Kotilnica se sestavi hitro in brez napora, prilo\u017eena pa so jasna navodila.<\/p>\n<p class=\"\" data-start=\"1168\" data-end=\"1285\">\u2705 <strong data-start=\"788\" data-end=\"816\">Nastavljiva varnostna palica:<\/strong> Vgrajena za\u0161\u010ditna palica prepre\u010duje nenamerno zme\u010dkanje mladi\u010dkov in jo je mogo\u010de prilagoditi ali odstraniti, ko mladi\u010dki rastejo.<\/p>\n<p data-start=\"1168\" data-end=\"1285\">\u2705 <strong data-start=\"1020\" data-end=\"1045\">Uporaba v zaprtih prostorih in na prostem<\/strong>: PVC konstrukcija je primerna tako za notranjo kot zunanjo uporabo \u2013 tudi v hladnem vremenu.<\/p>\n<h4 data-start=\"1352\" data-end=\"1391\"><\/h4>\n<h5 data-start=\"1352\" data-end=\"1391\"><strong data-start=\"1357\" data-end=\"1391\">Prilagojeno vzrediteljem<\/strong><\/h5>\n<p class=\"\" data-start=\"1392\" data-end=\"1590\">Ne glede na to, ali ste izku\u0161en vzreditelj ali se z vzrejo \u0161ele spoznavate, vam ta kotilnica omogo\u010da popoln nadzor nad prostorom in velikostjo. Izberite primerno velikost glede na pasmo in jo hitro sestavite s prilo\u017eenimi navodili.<\/p>\n<hr \/>\n<p>Opomba: Kotilnica je dobavljena brez talne obloge. Za najbolj\u0161e udobje in higieno priporo\u010damo, da iz na\u0161e ponudbe dodate Vetbed.<br data-start=\"963\" data-end=\"966\" \/>Vetbed ponuja:<\/p>\n<ul>\n<li>Odli\u010dna toplota in mehkoba za mladi\u010dke<\/li>\n<li data-start=\"1045\" data-end=\"1074\">Nedrse\u010da podloga za varnost<\/li>\n<li data-start=\"1079\" data-end=\"1110\">Enostavno pranje in hitro su\u0161enje<\/li>\n<li data-start=\"1115\" data-end=\"1215\">Higieni\u010den, zra\u010den in hipoalergen material \u279d <strong data-start=\"1172\" data-end=\"1195\"><a href=\"https:\/\/dtdoghouse.com\/sl\/kategorija-izdelka\/notranje-resitve\/vetbedi\/\">Ponudba Vetbed<\/a><\/strong><\/li>\n<\/ul>\n<p><strong data-start=\"2056\" data-end=\"2074\">Po naro\u010dilu<\/strong>: Kotilnice so po naro\u010dilu, dobavni rok pa je pribli\u017eno <strong data-start=\"2147\" data-end=\"2168\">5\u201310 delovnih dni.<\/strong> \u010ce artikla pri dobavitelju trenutno ni na zalogi, vas bomo o tem obvestili v najkraj\u0161em mo\u017enem \u010dasu.<\/p>\n","protected":false},"excerpt":{"rendered":"<p>&nbsp;<\/p>\n<ul>\n<li>velikost 145&#215;145 cm , vi\u0161ina 46cm<\/li>\n<li>Iz trpe\u017enega PVC-ja<\/li>\n<li>Hitra namestitev<\/li>\n<li>Za notranjo in zunanjo uporabo<\/li>\n<li>Odobreno s strani vzrediteljev<\/li>\n<\/ul>\n","protected":false},"featured_media":2666,"template":"","meta":{"site-sidebar-layout":"default","site-content-layout":"","ast-site-content-layout":"default","site-content-style":"default","site-sidebar-style":"default","ast-global-header-display":"","ast-banner-title-visibility":"","ast-main-header-display":"","ast-hfb-above-header-display":"","ast-hfb-below-header-display":"","ast-hfb-mobile-header-display":"","site-post-title":"","ast-breadcrumbs-content":"","ast-featured-img":"","footer-sml-layout":"","ast-disable-related-posts":"","theme-transparent-header-meta":"default","adv-header-id-meta":"","stick-header-meta":"","header-above-stick-meta":"","header-main-stick-meta":"","header-below-stick-meta":"","astra-migrate-meta-layouts":"set","ast-page-background-enabled":"default","ast-page-background-meta":{"desktop":{"background-color":"var(--ast-global-color-4)","background-image":"","background-repeat":"repeat","background-position":"center center","background-size":"auto","background-attachment":"scroll","background-type":"","background-media":"","overlay-type":"","overlay-color":"","overlay-opacity":"","overlay-gradient":""},"tablet":{"background-color":"","background-image":"","background-repeat":"repeat","background-position":"center center","background-size":"auto","background-attachment":"scroll","background-type":"","background-media":"","overlay-type":"","overlay-color":"","overlay-opacity":"","overlay-gradient":""},"mobile":{"background-color":"","background-image":"","background-repeat":"repeat","background-position":"center center","background-size":"auto","background-attachment":"scroll","background-type":"","background-media":"","overlay-type":"","overlay-color":"","overlay-opacity":"","overlay-gradient":""}},"ast-content-background-meta":{"desktop":{"background-color":"var(--ast-global-color-5)","background-image":"","background-repeat":"repeat","background-position":"center center","background-size":"auto","background-attachment":"scroll","background-type":"","background-media":"","overlay-type":"","overlay-color":"","overlay-opacity":"","overlay-gradient":""},"tablet":{"background-color":"var(--ast-global-color-5)","background-image":"","background-repeat":"repeat","background-position":"center center","background-size":"auto","background-attachment":"scroll","background-type":"","background-media":"","overlay-type":"","overlay-color":"","overlay-opacity":"","overlay-gradient":""},"mobile":{"background-color":"var(--ast-global-color-5)","background-image":"","background-repeat":"repeat","background-position":"center center","background-size":"auto","background-attachment":"scroll","background-type":"","background-media":"","overlay-type":"","overlay-color":"","overlay-opacity":"","overlay-gradient":""}}},"product_brand":[],"product_cat":[270,259],"product_tag":[264,260,262,99,261,265,263],"class_list":{"0":"post-4951","1":"product","2":"type-product","3":"status-publish","4":"has-post-thumbnail","6":"product_cat-kotilnice","7":"product_cat-resitve-za-vzreditelje","8":"product_tag-kotilnica-sl","9":"product_tag-kotilnica","10":"product_tag-mladicki","11":"product_tag-vetbed-sl","12":"product_tag-vzreja","13":"product_tag-vzrejne-resitve","14":"product_tag-za-mladicke","15":"product_shipping_class-do-40kg","16":"desktop-align-center","17":"tablet-align-center","18":"mobile-align-center","20":"first","21":"onbackorder","22":"featured","23":"shipping-taxable","24":"purchasable","25":"product-type-simple"},"_links":{"self":[{"href":"https:\/\/dtdoghouse.com\/sl\/wp-json\/wp\/v2\/product\/4951","targetHints":{"allow":["GET"]}}],"collection":[{"href":"https:\/\/dtdoghouse.com\/sl\/wp-json\/wp\/v2\/product"}],"about":[{"href":"https:\/\/dtdoghouse.com\/sl\/wp-json\/wp\/v2\/types\/product"}],"wp:featuredmedia":[{"embeddable":true,"href":"https:\/\/dtdoghouse.com\/sl\/wp-json\/wp\/v2\/media\/2666"}],"wp:attachment":[{"href":"https:\/\/dtdoghouse.com\/sl\/wp-json\/wp\/v2\/media?parent=4951"}],"wp:term":[{"taxonomy":"product_brand","embeddable":true,"href":"https:\/\/dtdoghouse.com\/sl\/wp-json\/wp\/v2\/product_brand?post=4951"},{"taxonomy":"product_cat","embeddable":true,"href":"https:\/\/dtdoghouse.com\/sl\/wp-json\/wp\/v2\/product_cat?post=4951"},{"taxonomy":"product_tag","embeddable":true,"href":"https:\/\/dtdoghouse.com\/sl\/wp-json\/wp\/v2\/product_tag?post=4951"}],"curies":[{"name":"wp","href":"https:\/\/api.w.org\/{rel}","templated":true}]}}