{"id":5076,"date":"2026-04-22T10:18:01","date_gmt":"2026-04-22T10:18:01","guid":{"rendered":"https:\/\/dtdoghouse.com\/?post_type=product&#038;p=5076"},"modified":"2026-04-22T10:29:36","modified_gmt":"2026-04-22T10:29:36","slug":"transportni-boks-gulliver-7-102x72x76cm","status":"publish","type":"product","link":"https:\/\/dtdoghouse.com\/sl\/izdelek\/transportni-boks-gulliver-7-102x72x76cm\/","title":{"rendered":"Transportni Boks Gulliver 7 &#8211; 102x72x76cm"},"content":{"rendered":"<h3>Transportni Boks Gulliver Mega 7<\/h3>\n<p><strong data-start=\"1495\" data-end=\"1524\">Velikost 102x72x76cm <\/strong><\/p>\n<p>High-quality transport box designed for safe and comfortable travel of pets, including air travel.<br data-start=\"240\" data-end=\"243\" \/>Approved by the International Air Transport Association (IATA), ensuring compliance with airline transport standar<\/p>\n<p>Opremljen je z robustnimi kovinskimi vrati, vklju\u010dno s posodico za hranjenje in priro\u010dnimi predali za shranjevanje. Varnostna zasko\u010dna zapirala z zaklepnim sistemom ter vrata s trojnim zapahom zagotavljajo maksimalno varnost med transportom.<\/p>\n<p>Boks vklju\u010duje priro\u010den ro\u010daj za vle\u010denje.<\/p>\n<h3 data-start=\"1471\" data-end=\"1492\"><strong data-start=\"1475\" data-end=\"1492\">Velikost 7:<\/strong><\/h3>\n<ul>\n<li><strong data-start=\"222\" data-end=\"250\">Dol\u017eina: 102 cm<\/strong><\/li>\n<li><strong data-start=\"222\" data-end=\"250\">\u0160irina: 72 cm<\/strong><\/li>\n<li><strong data-start=\"222\" data-end=\"250\">Vi\u0161ina: 76 cm <\/strong><\/li>\n<li><strong>Maximum pet weight: 50 kg<\/strong><\/li>\n<\/ul>\n<hr \/>\n<p class=\"\" data-start=\"1267\" data-end=\"1434\"><strong data-start=\"1269\" data-end=\"1283\">\u26a0 Pomembno:<\/strong><\/p>\n<ul>\n<li data-start=\"1267\" data-end=\"1434\">Na zalogi: 1\u20133 delovne dni<\/li>\n<li data-start=\"1267\" data-end=\"1434\">Ni na zalogi: 5\u201310 delovnih dni, oz.vas obvestimo<\/li>\n<\/ul>\n","protected":false},"excerpt":{"rendered":"<p>&nbsp;<\/p>\n<ul>\n<li data-start=\"382\" data-end=\"422\">Skladno z IATA \u2013 odobreno letalsko dru\u017ebo<\/li>\n<li data-start=\"382\" data-end=\"422\">Najve\u010dja dovoljena te\u017ea \u017eivali 50 kg<\/li>\n<li data-start=\"382\" data-end=\"422\">Sistem vrat s trojnim zapahom za varno transportiranje.<\/li>\n<li data-start=\"469\" data-end=\"527\">Velikost 102 x 72 x 76 cm (Dx\u0160xV)<\/li>\n<li data-start=\"530\" data-end=\"574\">Vzdr\u017eljiva, visokokakovostna konstrukcija za dolgotrajno uporabo.<\/li>\n<\/ul>\n","protected":false},"featured_media":5068,"template":"","meta":{"site-sidebar-layout":"default","site-content-layout":"","ast-site-content-layout":"default","site-content-style":"default","site-sidebar-style":"default","ast-global-header-display":"","ast-banner-title-visibility":"","ast-main-header-display":"","ast-hfb-above-header-display":"","ast-hfb-below-header-display":"","ast-hfb-mobile-header-display":"","site-post-title":"","ast-breadcrumbs-content":"","ast-featured-img":"","footer-sml-layout":"","ast-disable-related-posts":"","theme-transparent-header-meta":"default","adv-header-id-meta":"","stick-header-meta":"","header-above-stick-meta":"","header-main-stick-meta":"","header-below-stick-meta":"","astra-migrate-meta-layouts":"set","ast-page-background-enabled":"default","ast-page-background-meta":{"desktop":{"background-color":"var(--ast-global-color-4)","background-image":"","background-repeat":"repeat","background-position":"center center","background-size":"auto","background-attachment":"scroll","background-type":"","background-media":"","overlay-type":"","overlay-color":"","overlay-opacity":"","overlay-gradient":""},"tablet":{"background-color":"","background-image":"","background-repeat":"repeat","background-position":"center center","background-size":"auto","background-attachment":"scroll","background-type":"","background-media":"","overlay-type":"","overlay-color":"","overlay-opacity":"","overlay-gradient":""},"mobile":{"background-color":"","background-image":"","background-repeat":"repeat","background-position":"center center","background-size":"auto","background-attachment":"scroll","background-type":"","background-media":"","overlay-type":"","overlay-color":"","overlay-opacity":"","overlay-gradient":""}},"ast-content-background-meta":{"desktop":{"background-color":"var(--ast-global-color-5)","background-image":"","background-repeat":"repeat","background-position":"center center","background-size":"auto","background-attachment":"scroll","background-type":"","background-media":"","overlay-type":"","overlay-color":"","overlay-opacity":"","overlay-gradient":""},"tablet":{"background-color":"var(--ast-global-color-5)","background-image":"","background-repeat":"repeat","background-position":"center center","background-size":"auto","background-attachment":"scroll","background-type":"","background-media":"","overlay-type":"","overlay-color":"","overlay-opacity":"","overlay-gradient":""},"mobile":{"background-color":"var(--ast-global-color-5)","background-image":"","background-repeat":"repeat","background-position":"center center","background-size":"auto","background-attachment":"scroll","background-type":"","background-media":"","overlay-type":"","overlay-color":"","overlay-opacity":"","overlay-gradient":""}}},"product_brand":[],"product_cat":[145,208],"product_tag":[163,162,164,536,539,537,165,325,326,161,160,159],"class_list":{"0":"post-5076","1":"product","2":"type-product","3":"status-publish","4":"has-post-thumbnail","6":"product_cat-transportne-resitve","7":"product_cat-transportni-boksi","8":"product_tag-avto-boks","9":"product_tag-avto-kletka","10":"product_tag-boks","11":"product_tag-gulliver","12":"product_tag-gulliver-7","13":"product_tag-iata","14":"product_tag-kletka","15":"product_tag-plasticen-boks","16":"product_tag-plasticna-kletka","17":"product_tag-transport-sl","18":"product_tag-transportna-kletka","19":"product_tag-transportni-boks","20":"product_shipping_class-do-20kg","21":"desktop-align-center","22":"tablet-align-center","23":"mobile-align-center","25":"first","26":"onbackorder","27":"featured","28":"shipping-taxable","29":"purchasable","30":"product-type-simple"},"_links":{"self":[{"href":"https:\/\/dtdoghouse.com\/sl\/wp-json\/wp\/v2\/product\/5076","targetHints":{"allow":["GET"]}}],"collection":[{"href":"https:\/\/dtdoghouse.com\/sl\/wp-json\/wp\/v2\/product"}],"about":[{"href":"https:\/\/dtdoghouse.com\/sl\/wp-json\/wp\/v2\/types\/product"}],"wp:featuredmedia":[{"embeddable":true,"href":"https:\/\/dtdoghouse.com\/sl\/wp-json\/wp\/v2\/media\/5068"}],"wp:attachment":[{"href":"https:\/\/dtdoghouse.com\/sl\/wp-json\/wp\/v2\/media?parent=5076"}],"wp:term":[{"taxonomy":"product_brand","embeddable":true,"href":"https:\/\/dtdoghouse.com\/sl\/wp-json\/wp\/v2\/product_brand?post=5076"},{"taxonomy":"product_cat","embeddable":true,"href":"https:\/\/dtdoghouse.com\/sl\/wp-json\/wp\/v2\/product_cat?post=5076"},{"taxonomy":"product_tag","embeddable":true,"href":"https:\/\/dtdoghouse.com\/sl\/wp-json\/wp\/v2\/product_tag?post=5076"}],"curies":[{"name":"wp","href":"https:\/\/api.w.org\/{rel}","templated":true}]}}